{"id":6,"date":"2016-09-30T05:23:45","date_gmt":"2016-09-30T05:23:45","guid":{"rendered":"https:\/\/quickshipping.fr\/hamot-stephane\/?page_id=6"},"modified":"2024-06-08T10:35:37","modified_gmt":"2024-06-08T10:35:37","slug":"home","status":"publish","type":"page","link":"https:\/\/quickshipping.fr\/hamot-stephane\/","title":{"rendered":"Accueil"},"content":{"rendered":"<p>[vc_row el_class=\u00a0\u00bbwhat-we-offer\u00a0\u00bb][vc_column]            <div class=\"sc-services  \" >\r\n                                    <div class=\"col-lg-offset-2 col-lg-8 col-md-offset-1 col-md-10 col-sm-offset-0 col-sm-12 col-xs-12\">\r\n                        <div class=\"tg-sectionhead\">\r\n                                                            <div class=\"tg-sectiontitle\">\r\n                                                                            <h2>LE CABINET STH<\/h2>\r\n                                                                                                                <h3>NOS DOMAINES D&#039;EXPERTISE<\/h3>\r\n                                                                    <\/div>\r\n                                                                                <\/div>\r\n                    <\/div>\r\n                                                <div id=\"tg-servicesslider-8V9Gf\" class=\"tg-servicesslider tg-services\">\r\n                                            <div class=\"item tg-service\">\r\n                                                            <span class=\"tg-seviceicon\">\r\n                                    <i class=\"fa fa-calculator\"><\/i>\r\n                                <\/span>\r\n                                                                                        <div class=\"tg-heading\">\r\n                                    <h4><a href=\"#\">Comptabilit\u00e9<\/a><\/h4>\r\n                                <\/div>\r\n                                                                                        <div class=\"tg-description\">\r\n                                    <p>D\u00e9l\u00e9guez \u00e0 un professionnel la tenue de votre comptabilit\u00e9 et l\u2019\u00e9tablissement de vos d\u00e9clarations comptables et fiscales.<\/p>\r\n                                <\/div>\r\n                                                    <\/div>\r\n                                            <div class=\"item tg-service\">\r\n                                                            <span class=\"tg-seviceicon\">\r\n                                    <i class=\"fa fa-search\"><\/i>\r\n                                <\/span>\r\n                                                                                        <div class=\"tg-heading\">\r\n                                    <h4><a href=\"#\">Audit<\/a><\/h4>\r\n                                <\/div>\r\n                                                                                        <div class=\"tg-description\">\r\n                                    <p>Faite expertiser dans le cadre de la r\u00e9alisation d\u2019op\u00e9rations ou de valorisations. Audit des proc\u00e9dures comptables, de la fonction paye, de fraudes, d&#039;acquisition...<\/p>\r\n                                <\/div>\r\n                                                    <\/div>\r\n                                            <div class=\"item tg-service\">\r\n                                                            <span class=\"tg-seviceicon\">\r\n                                    <i class=\"fa fa-cogs\"><\/i>\r\n                                <\/span>\r\n                                                                                        <div class=\"tg-heading\">\r\n                                    <h4><a href=\"#\">Conseils en organisation <\/a><\/h4>\r\n                                <\/div>\r\n                                                                                        <div class=\"tg-description\">\r\n                                    <p>Am\u00e9liorez votre gestion d&#039;entreprise gr\u00e2ce \u00e0 nos kits et conseils. \u200bNous vous accompagnons dans vos proc\u00e9dures administratives, comptables et financi\u00e8res. <\/p>\r\n                                <\/div>\r\n                                                    <\/div>\r\n                                            <div class=\"item tg-service\">\r\n                                                            <span class=\"tg-seviceicon\">\r\n                                    <i class=\"fa fa-briefcase\"><\/i>\r\n                                <\/span>\r\n                                                                                        <div class=\"tg-heading\">\r\n                                    <h4><a href=\"#\">Assistance - Formation<\/a><\/h4>\r\n                                <\/div>\r\n                                                                                        <div class=\"tg-description\">\r\n                                    <p>Soyez acteur de votre entreprise en devenant autonome aussi bien sur des questions RH, commerciales, en comptabilit\u00e9, ou dans la gestion de l&#039;entreprise.<\/p>\r\n                                <\/div>\r\n                                                    <\/div>\r\n                                            <div class=\"item tg-service\">\r\n                                                            <span class=\"tg-seviceicon\">\r\n                                    <i class=\"fa fa-eur\"><\/i>\r\n                                <\/span>\r\n                                                                                        <div class=\"tg-heading\">\r\n                                    <h4><a href=\"#\">FISCALITE<\/a><\/h4>\r\n                                <\/div>\r\n                                                                                        <div class=\"tg-description\">\r\n                                    <p>Nous prenons en charge l&#039;\u00e9laboration de vos d\u00e9clarations fiscales de toutes natures personnelles ou professionnelles. Du conseil \u00e0 la r\u00e9alisation. <\/p>\r\n                                <\/div>\r\n                                                    <\/div>\r\n                                            <div class=\"item tg-service\">\r\n                                                            <span class=\"tg-seviceicon\">\r\n                                    <i class=\"fa fa-users\"><\/i>\r\n                                <\/span>\r\n                                                                                        <div class=\"tg-heading\">\r\n                                    <h4><a href=\"#\">Paie &amp; Social<\/a><\/h4>\r\n                                <\/div>\r\n                                                                                        <div class=\"tg-description\">\r\n                                    <p>Externaliser la fonction Paie et la gestion administrative de votre personnel. De l&#039;embauche \u00e0 la rupture de contrat.<\/p>\r\n                                <\/div>\r\n                                                    <\/div>\r\n                                            <div class=\"item tg-service\">\r\n                                                            <span class=\"tg-seviceicon\">\r\n                                    <i class=\"fa fa-bar-chart\"><\/i>\r\n                                <\/span>\r\n                                                                                        <div class=\"tg-heading\">\r\n                                    <h4><a href=\"#\">Gestion<\/a><\/h4>\r\n                                <\/div>\r\n                                                                                        <div class=\"tg-description\">\r\n                                    <p>Nous vous guidons avec la plus grande s\u00e9curit\u00e9 juridique pour vos projets d&#039;acquisitions et de cessions.<\/p>\r\n                                <\/div>\r\n                                                    <\/div>\r\n                                            <div class=\"item tg-service\">\r\n                                                            <span class=\"tg-seviceicon\">\r\n                                    <i class=\"fa fa-gavel\"><\/i>\r\n                                <\/span>\r\n                                                                                        <div class=\"tg-heading\">\r\n                                    <h4><a href=\"#\">Juridique<\/a><\/h4>\r\n                                <\/div>\r\n                                                                                        <div class=\"tg-description\">\r\n                                    <p>Nous intervenons de la cr\u00e9ation \u00e0 la dissolution d&#039;une entreprise aussi bien dans le domaine du droit du travail, que du droit des soci\u00e9t\u00e9s.<\/p>\r\n                                <\/div>\r\n                                                    <\/div>\r\n                                    <\/div>\r\n                <script>\r\n                    jQuery(document).ready(function (e) {\r\n                        var owl = jQuery(\"#tg-servicesslider-8V9Gf\");\r\n                        owl.owlCarousel({\r\n                            pagination: true,\r\n                            autoPlay: 3000,\r\n                            itemsCustom: [\r\n                                [1200, 3],\r\n                                [992, 2],\r\n                                [767, 1],\r\n                                [481, 2],\r\n                                [0, 1]\r\n                            ],\r\n                        });\r\n                    });\r\n                <\/script>\r\n                            <\/div>\r\n            [\/vc_column][\/vc_row][vc_row full_width=\u00a0\u00bbstretch_row_content_no_spaces\u00a0\u00bb css=\u00a0\u00bb.vc_custom_1483946214408{padding-top: 0px !important;padding-bottom: 0px !important;}\u00a0\u00bb][vc_column width=\u00a0\u00bb1\/2&Prime; css=\u00a0\u00bb.vc_custom_1481034007780{padding-right: 0px !important;padding-left: 0px !important;}\u00a0\u00bb]            <div class=\"tg-videosection  vc_custom_1499885836502 \" >\r\n                <figure>\r\n                                            <img decoding=\"async\" src=\"https:\/\/quickshipping.fr\/hamot-stephane\/wp-content\/uploads\/2016\/09\/cabinet_sth_expert_comptable_video_pe.jpg\" alt=\"Le m\u00e9tier d&#039;expert-comptable en image \">\r\n                                                                <figcaption>\r\n                            <a class=\"tg-btnplay\" href=\"https:\/\/youtu.be\/Cb-bdjPvKjo\" data-rel=\"prettyPhoto[iframe]\">\r\n                                <i class=\"fa fa-play\"><\/i>\r\n                            <\/a>\r\n                                                            <h2>Le m\u00e9tier d&#039;expert-comptable en image <\/h2>\r\n                                                    <\/figcaption>\r\n                                    <\/figure>\r\n            <\/div>\r\n            [\/vc_column][vc_column width=\u00a0\u00bb1\/2&Prime; css=\u00a0\u00bb.vc_custom_1481034247094{background-color: #f7f7f7 !important;}\u00a0\u00bb]            <div class=\"tg-whychooseus  \" >\r\n                                    <div class=\"tg-sectionhead\">\r\n                                                    <div class=\"tg-sectiontitle\">\r\n                                <h2>LES MEILLEURS DE NOTRE PROFESSION<\/h2>\r\n                                <h3>POURQUOI NOUS CHOISIR<\/h3>\r\n                            <\/div>\r\n                                                                            <div class=\"tg-description\">\r\n                                <p>Si vous vous demandez toujours quand et pourquoi faire appel \u00e0 un expert-comptable, alors voici une vid\u00e9o vous pr\u00e9sentant le m\u00e9tier.<\/p>\r\n                            <\/div>\r\n                                            <\/div>\r\n                                \r\n                    <div id=\"tg-ourskill-hKjSU\" class=\"tg-ourskill tg-skillgroup  \" >\r\n                                                    <div class=\"tg-skill \">\r\n                                                                    <h4>ANALYSE FINANCI\u00c8RE<\/h4>\r\n                                                                                                    <div class=\"tg-skillholder\" data-percent=\"95%\">\r\n                                        <div class=\"tg-skillbar\">\r\n                                            <h5>95%<\/h5>\r\n                                        <\/div>\r\n                                                                    <\/div>\r\n                            <\/div>\r\n                                                    <div class=\"tg-skill tg-active\">\r\n                                                                    <h4>AUDIT<\/h4>\r\n                                                                                                    <div class=\"tg-skillholder\" data-percent=\"80%\">\r\n                                        <div class=\"tg-skillbar\">\r\n                                            <h5>80%<\/h5>\r\n                                        <\/div>\r\n                                                                    <\/div>\r\n                            <\/div>\r\n                                                    <div class=\"tg-skill \">\r\n                                                                    <h4>COMPTABILIT\u00c9 D&#039;ENTREPRISE<\/h4>\r\n                                                                                                    <div class=\"tg-skillholder\" data-percent=\"92%\">\r\n                                        <div class=\"tg-skillbar\">\r\n                                            <h5>92%<\/h5>\r\n                                        <\/div>\r\n                                                                    <\/div>\r\n                            <\/div>\r\n                                                    <div class=\"tg-skill \">\r\n                                                                    <h4>AIDE AUX FORMALIT\u00c9S JURIDIQUES D&#039;ENTREPRISES<\/h4>\r\n                                                                                                    <div class=\"tg-skillholder\" data-percent=\"90%\">\r\n                                        <div class=\"tg-skillbar\">\r\n                                            <h5>90%<\/h5>\r\n                                        <\/div>\r\n                                                                    <\/div>\r\n                            <\/div>\r\n                                            <\/div>\r\n                    <script>\r\n                        try {\r\n                            jQuery('#tg-ourskill-hKjSU').appear(function () {\r\n                                jQuery('.tg-skillholder').each(function () {\r\n                                    jQuery(this).find('.tg-skillbar').animate({\r\n                                        width: jQuery(this).attr('data-percent')\r\n                                    }, 2500);\r\n                                });\r\n                            });\r\n                        } catch (err) {\r\n                            \r\n                        }\r\n                    <\/script>\r\n                            <\/div>\r\n            [\/vc_column][\/vc_row][vc_row][vc_column][vc_empty_space height=\u00a0\u00bb15px\u00a0\u00bb][\/vc_column][\/vc_row][vc_row full_width=\u00a0\u00bbstretch_row\u00a0\u00bb parallax=\u00a0\u00bbcontent-moving\u00a0\u00bb css=\u00a0\u00bb.vc_custom_1499886589827{background-color: rgba(0,66,129,0.5) !important;*background-color: rgb(0,66,129) !important;}\u00a0\u00bb][vc_column]            <div class=\"sc-call-to-action  \" >\r\n                                    <div class=\"col-sm-12 col-xs-12\">\r\n                        <div class=\"tg-getadvice\">\r\n                                                            <a style=\"color:#ffffff; border-color: #ffffff;\" class=\"tg-btn\" target=\"_blank\" href=\"http:\/\/quickshipping.fr\/hamot-stephane\/devis-en-ligne\/\">\r\n                                    <span>Demande de devis<\/span>\r\n                                <\/a>\r\n                                                                                        <p style=\"color:#ffffff;\">Besoin d'un expert-comptable ? soumettez nous votre besoin ! <\/strong><\/p>\r\n                                                    <\/div>\r\n                    <\/div>\r\n                            <\/div>\r\n            [\/vc_column][\/vc_row]<\/p>\n","protected":false},"excerpt":{"rendered":"<p>[vc_row el_class=\u00a0\u00bbwhat-we-offer\u00a0\u00bb][vc_column] LE CABINET STH NOS DOMAINES D&#039;EXPERTISE Comptabilit\u00e9 D\u00e9l\u00e9guez \u00e0 un professionnel la tenue de votre comptabilit\u00e9 et l\u2019\u00e9tablissement de vos d\u00e9clarations comptables et fiscales. Audit Faite expertiser dans le cadre de la r\u00e9alisation d\u2019op\u00e9rations ou de valorisations. Audit des proc\u00e9dures comptables, de la fonction paye, de fraudes, d&#039;acquisition&#8230; Conseils en organisation Am\u00e9liorez votre&#8230;.<\/p>\n","protected":false},"author":1,"featured_media":0,"parent":0,"menu_order":0,"comment_status":"closed","ping_status":"closed","template":"","meta":{"footnotes":""},"_links":{"self":[{"href":"https:\/\/quickshipping.fr\/hamot-stephane\/wp-json\/wp\/v2\/pages\/6"}],"collection":[{"href":"https:\/\/quickshipping.fr\/hamot-stephane\/wp-json\/wp\/v2\/pages"}],"about":[{"href":"https:\/\/quickshipping.fr\/hamot-stephane\/wp-json\/wp\/v2\/types\/page"}],"author":[{"embeddable":true,"href":"https:\/\/quickshipping.fr\/hamot-stephane\/wp-json\/wp\/v2\/users\/1"}],"replies":[{"embeddable":true,"href":"https:\/\/quickshipping.fr\/hamot-stephane\/wp-json\/wp\/v2\/comments?post=6"}],"version-history":[{"count":59,"href":"https:\/\/quickshipping.fr\/hamot-stephane\/wp-json\/wp\/v2\/pages\/6\/revisions"}],"predecessor-version":[{"id":1007,"href":"https:\/\/quickshipping.fr\/hamot-stephane\/wp-json\/wp\/v2\/pages\/6\/revisions\/1007"}],"wp:attachment":[{"href":"https:\/\/quickshipping.fr\/hamot-stephane\/wp-json\/wp\/v2\/media?parent=6"}],"curies":[{"name":"wp","href":"https:\/\/api.w.org\/{rel}","templated":true}]}}