{"id":790,"date":"2017-03-13T20:00:59","date_gmt":"2017-03-13T19:00:59","guid":{"rendered":"https:\/\/quickshipping.fr\/hamot-stephane\/?page_id=790"},"modified":"2017-06-30T21:06:00","modified_gmt":"2017-06-30T19:06:00","slug":"notre-cabinet","status":"publish","type":"page","link":"https:\/\/quickshipping.fr\/hamot-stephane\/notre-cabinet\/","title":{"rendered":"NOTRE CABINET"},"content":{"rendered":"<p>[vc_row][vc_column width=\u00a0\u00bb1\/2&Prime;]            <div class=\"tg-whatwedo  \" >\r\n                                    <div class=\"tg-sectionhead\">\r\n                                                    <div class=\"tg-sectiontitle\">\r\n                                                                    <h2>L&#039;EXPERT-COMPTABLE<\/h2>\r\n                                                                                                    <h3>\u00e0 votre service<\/h3>\r\n                                                            <\/div>\r\n                                                                            <div class=\"tg-description\">\r\n                                <p>STH est un cabinet d&#039;expertise comptable implant\u00e9e en Guadeloupe. <\/p>\r\n                            <\/div>\r\n                                            <\/div>\r\n                                                    <ul>\r\n                                                    <li>\r\n                                                                    <span class=\"tg-whatwedoicon\">\r\n                                        <i class=\"fa fa-bell-o\"><\/i>\r\n                                    <\/span>\r\n                                                                                                    <div class=\"tg-whatwedocontent\">\r\n                                                                                    <h4><a href=\"#\" target=\"_self\">Notre activit\u00e9<\/a><\/h4>\r\n                                                                                                                            <div class=\"tg-description\">\r\n                                                <p>En tant qu&#039;expert-comptable, nous vous accompagnons et vous conseillons durant la cr\u00e9ation ou la transmission de votre entreprise.\nNous r\u00e9alisons des missions \u00e9largies dans le domaine de la comptabilit\u00e9, de la fiscalit\u00e9, du social et du juridique.<\/p>\r\n                                            <\/div>\r\n                                                                            <\/div>\r\n                                                            <\/li>\r\n                                                    <li>\r\n                                                                    <span class=\"tg-whatwedoicon\">\r\n                                        <i class=\"fa fa-comments-o\"><\/i>\r\n                                    <\/span>\r\n                                                                                                    <div class=\"tg-whatwedocontent\">\r\n                                                                                    <h4><a href=\"#\" target=\"_self\">NOTRE ENGAGEMENT<\/a><\/h4>\r\n                                                                                                                            <div class=\"tg-description\">\r\n                                                <p>Nous nous engageons \u00e0 \u00eatre toujours au plus pr\u00e8s de nos clients. Nous privil\u00e9gions une relation de long terme avec eux. C&#039;est pour cela que nous cherchons \u00e0 d\u00e9passer leurs attentes jour apr\u00e8s jour, et de ce fait, leur garantir un service de qualit\u00e9 exceptionnel dans la r\u00e9alisation des missions.<\/p>\r\n                                            <\/div>\r\n                                                                            <\/div>\r\n                                                            <\/li>\r\n                                                    <li>\r\n                                                                    <span class=\"tg-whatwedoicon\">\r\n                                        <i class=\"fa fa-flag-o\"><\/i>\r\n                                    <\/span>\r\n                                                                                                    <div class=\"tg-whatwedocontent\">\r\n                                                                                    <h4><a href=\"#\" target=\"_self\">NOS VALEURS<\/a><\/h4>\r\n                                                                                                                            <div class=\"tg-description\">\r\n                                                <p>Nos valeurs se traduisent par les engagements que nous prenons envers nos clients. Elles refl\u00e8tent qui nous sommes et sont le fondement de notre cabinet. Ainsi, la discr\u00e9tion, l&#039;\u00e9coute, l&#039;int\u00e9grit\u00e9, le respect mutuel, la disponibilit\u00e9, sont ce qui nous permet de b\u00e2tir une relation durable avec nos clients.<\/p>\r\n                                            <\/div>\r\n                                                                            <\/div>\r\n                                                            <\/li>\r\n                                            <\/ul>\r\n                <\/div>\r\n                            [\/vc_column][vc_column width=\u00a0\u00bb1\/2&Prime;]            <div class=\"tg-whatwedoimages  \" >\r\n                                                                                        <figure>\r\n                                <img decoding=\"async\" src=\"https:\/\/quickshipping.fr\/hamot-stephane\/wp-content\/uploads\/2017\/03\/about-2.jpg\" alt=\"image 1\">\r\n                            <\/figure>\r\n                                                                                                <figure>\r\n                                <img decoding=\"async\" src=\"https:\/\/quickshipping.fr\/hamot-stephane\/wp-content\/uploads\/2017\/03\/about1.jpg\" alt=\"image 2\">\r\n                            <\/figure>\r\n                                                                                                <figure>\r\n                                <img decoding=\"async\" src=\"https:\/\/quickshipping.fr\/hamot-stephane\/wp-content\/uploads\/2017\/03\/about3.jpg\" alt=\"image 3\">\r\n                            <\/figure>\r\n                                                            <\/div>\r\n                            [\/vc_column][\/vc_row]<\/p>\n","protected":false},"excerpt":{"rendered":"<p>[vc_row][vc_column width=\u00a0\u00bb1\/2&Prime;] L&#039;EXPERT-COMPTABLE \u00e0 votre service STH est un cabinet d&#039;expertise comptable implant\u00e9e en Guadeloupe. Notre activit\u00e9 En tant qu&#039;expert-comptable, nous vous accompagnons et vous conseillons durant la cr\u00e9ation ou la transmission de votre entreprise. Nous r\u00e9alisons des missions \u00e9largies dans le domaine de la comptabilit\u00e9, de la fiscalit\u00e9, du social et du juridique. NOTRE&#8230;.<\/p>\n","protected":false},"author":1,"featured_media":0,"parent":0,"menu_order":0,"comment_status":"closed","ping_status":"closed","template":"","meta":{"footnotes":""},"_links":{"self":[{"href":"https:\/\/quickshipping.fr\/hamot-stephane\/wp-json\/wp\/v2\/pages\/790"}],"collection":[{"href":"https:\/\/quickshipping.fr\/hamot-stephane\/wp-json\/wp\/v2\/pages"}],"about":[{"href":"https:\/\/quickshipping.fr\/hamot-stephane\/wp-json\/wp\/v2\/types\/page"}],"author":[{"embeddable":true,"href":"https:\/\/quickshipping.fr\/hamot-stephane\/wp-json\/wp\/v2\/users\/1"}],"replies":[{"embeddable":true,"href":"https:\/\/quickshipping.fr\/hamot-stephane\/wp-json\/wp\/v2\/comments?post=790"}],"version-history":[{"count":22,"href":"https:\/\/quickshipping.fr\/hamot-stephane\/wp-json\/wp\/v2\/pages\/790\/revisions"}],"predecessor-version":[{"id":964,"href":"https:\/\/quickshipping.fr\/hamot-stephane\/wp-json\/wp\/v2\/pages\/790\/revisions\/964"}],"wp:attachment":[{"href":"https:\/\/quickshipping.fr\/hamot-stephane\/wp-json\/wp\/v2\/media?parent=790"}],"curies":[{"name":"wp","href":"https:\/\/api.w.org\/{rel}","templated":true}]}}