{"id":798,"date":"2017-03-13T20:17:11","date_gmt":"2017-03-13T19:17:11","guid":{"rendered":"https:\/\/quickshipping.fr\/hamot-stephane\/?page_id=798"},"modified":"2024-06-08T10:22:30","modified_gmt":"2024-06-08T10:22:30","slug":"nos-missions","status":"publish","type":"page","link":"https:\/\/quickshipping.fr\/hamot-stephane\/nos-missions\/","title":{"rendered":"NOS MISSIONS"},"content":{"rendered":"<p>[vc_row css=\u00a0\u00bb.vc_custom_1481805041018{padding-bottom: 0px !important;}\u00a0\u00bb][vc_column offset=\u00a0\u00bbvc_col-lg-offset-2 vc_col-lg-8 vc_col-md-offset-1 vc_col-md-10 vc_col-sm-offset-0 vc_col-xs-12&Prime;]            <div class=\"sc-section-heading  \" >\r\n                                    <div class=\"tg-sectionhead\">\r\n                        <div class=\"tg-sectiontitle\">\r\n                                                                                <\/div>\r\n                                                    <div class=\"tg-description\">\r\n                                <p>Le cabinet STH effectue des actions pluridisciplinaires afin d'anticiper et de r\u00e9pondre au mieux \u00e0 vos besoins.<br \/>\nNous sommes l\u00e0 pour vous conseiller et vous accompagner \u00e0 chaque \u00e9tape de votre vie d'entrepreneur, de la saisie de vos \u00e9l\u00e9ments comptables, \u00e0 vos obligations fiscales.<br \/>\nVous satisfaire est notre priorit\u00e9 !<\/p>\r\n                            <\/div>\r\n                                            <\/div>\r\n                            <\/div>\r\n            [\/vc_column][\/vc_row][vc_row][vc_column]            <div class=\"sc-vertical-tabs  \" >\r\n                <div class=\"tg-servicetabs\">\r\n                                            <ul class=\"tg-navtab\" role=\"tablist\">\r\n                                                            <li role=\"presentation\" class=\"\"><a href=\"#tab-0\" aria-controls=\"tab-0\" role=\"tab\" data-toggle=\"tab\">Comptable<\/a><\/li>\r\n                                                                <li role=\"presentation\" class=\"in active\"><a href=\"#tab-1\" aria-controls=\"tab-1\" role=\"tab\" data-toggle=\"tab\">Audit<\/a><\/li>\r\n                                                                <li role=\"presentation\" class=\"\"><a href=\"#tab-2\" aria-controls=\"tab-2\" role=\"tab\" data-toggle=\"tab\">Examen limit\u00e9<\/a><\/li>\r\n                                                                <li role=\"presentation\" class=\"\"><a href=\"#tab-3\" aria-controls=\"tab-3\" role=\"tab\" data-toggle=\"tab\">Organisation<\/a><\/li>\r\n                                                        <\/ul> \r\n                        <div class=\"tab-content tg-tabcontent\">\r\n                                                                <div role=\"tabpanel\" class=\"tab-pane \" id=\"tab-0\">\r\n                                        <figure class=\"tg-alignleft\">\n<img decoding=\"async\" src=\"http:\/\/quickshipping.fr\/hamot-stephane\/wp-content\/uploads\/2017\/03\/services1.jpg\" alt=\"image desctiption\"\/>\n<\/figure>\n\t\t\t\t\t\t\t\t\t\t\t\t\t<h4>Lorem ipsum consec tetur<\/h4>\n\t\t\t\t\t\t\t\t\t\t\t\t\t<p>Lorem ipsum dolor sit amet, consectetur adipisicing elit, sed do eiusmod tempor incididunt ut labore et dolore magna aliqua. Ut enim ad minim veniam, quis nostrud exercitation ullamco laboris nisi ut aliquip ex ea commodo consequat. Duis aute irure dolor in reprehenderit in voluptate velit esse cillum dolore eu fugiat nulla pariaturt occaecat cupidatat non proident sunt in culpa qui officia<\/p>\n<p>Consectetur adipisicing elit, sed do eiusmod tempor incididunt ut labore et dolore magna aliqua. Ut enim ad minim veniam, quistat nostrud exercitation ullamco laboris nisi ut aliquip ex ea commodo consequat. Duisat aute irure dolor in reprehenderit in voluptate velit esse cillum dolore eu fugiat nulla.<\/p>\n<p>\nConsectetur adipisicing elit, sed do eiusmod tempor incididunt ut labore et dolore magna aliqua. Ut enim ad minim veniam, quistat nostrud exercitation ullamco laboris nisi ut aliquip ex ea commodo consequat. Duisat aute irure dolor in reprehenderit in voluptate velit esse cillum dolore eu fugiat nulla<\/p>\n<ul class=\"tg-tick\">\n\t\t\t\t\t\t\t\t\t\t\t\t\t\t<li>Consectetur adipisicing elit do eiusmod<\/li>\n\t\t\t\t\t\t\t\t\t\t\t\t\t\t<li>Incididunt ut labore et dolore magna aliqua<\/li>\n\t\t\t\t\t\t\t\t\t\t\t\t\t\t<li>Ut enim ad minim veniam<\/li>\n\t\t\t\t\t\t\t\t\t\t\t\t\t\t<li>Quis nostrud exercitation ullamco laboris nisi<\/li>\n\t\t\t\t\t\t\t\t\t\t\t\t\t\t<li>Aliquip ex ea commodo consequat.<\/li>\n\t\t\t\t\t\t\t\t\t\t\t\t\t\t<li>Duis aute irure dolor in reprehenderit<\/li>\n\t\t\t\t\t\t\t\t\t\t\t\t\t<\/ul>\n<ul class=\"tg-tick\">\n\t\t\t\t\t\t\t\t\t\t\t\t\t\t<li>Consectetur adipisicing elit do eiusmod<\/li>\n\t\t\t\t\t\t\t\t\t\t\t\t\t\t<li>Incididunt ut labore et dolore magna aliqua<\/li>\n\t\t\t\t\t\t\t\t\t\t\t\t\t\t<li>Ut enim ad minim veniam<\/li>\n\t\t\t\t\t\t\t\t\t\t\t\t\t\t<li>Quis nostrud exercitation ullamco laboris nisi<\/li>\n\t\t\t\t\t\t\t\t\t\t\t\t\t\t<li>Aliquip ex ea commodo consequat.<\/li>\n\t\t\t\t\t\t\t\t\t\t\t\t\t\t<li>Duis aute irure dolor in reprehenderit<\/li>\n\t\t\t\t\t\t\t\t\t\t\t\t\t<\/ul>\n\n\t\t\t\t\t\t\t\t\t\t\t\t\t\n                                    <\/div>\r\n                                                                        <div role=\"tabpanel\" class=\"tab-pane in active\" id=\"tab-1\">\r\n                                        <figure class=\"tg-alignleft\">\n<img decoding=\"async\" src=\"http:\/\/quickshipping.fr\/hamot-stephane\/wp-content\/uploads\/2017\/03\/services1.jpg\" alt=\"image desctiption\"\/>\n<\/figure>\n\t\t\t\t\t\t\t\t\t\t\t\t\t<h4>Lorem ipsum consec tetur<\/h4>\n\t\t\t\t\t\t\t\t\t\t\t\t\t<p>Lorem ipsum dolor sit amet, consectetur adipisicing elit, sed do eiusmod tempor incididunt ut labore et dolore magna aliqua. Ut enim ad minim veniam, quis nostrud exercitation ullamco laboris nisi ut aliquip ex ea commodo consequat. Duis aute irure dolor in reprehenderit in voluptate velit esse cillum dolore eu fugiat nulla pariaturt occaecat cupidatat non proident sunt in culpa qui officia<\/p>\n<p>Consectetur adipisicing elit, sed do eiusmod tempor incididunt ut labore et dolore magna aliqua. Ut enim ad minim veniam, quistat nostrud exercitation ullamco laboris nisi ut aliquip ex ea commodo consequat. Duisat aute irure dolor in reprehenderit in voluptate velit esse cillum dolore eu fugiat nulla.<\/p>\n<p>\nConsectetur adipisicing elit, sed do eiusmod tempor incididunt ut labore et dolore magna aliqua. Ut enim ad minim veniam, quistat nostrud exercitation ullamco laboris nisi ut aliquip ex ea commodo consequat. Duisat aute irure dolor in reprehenderit in voluptate velit esse cillum dolore eu fugiat nulla<\/p>\n<ul class=\"tg-tick\">\n\t\t\t\t\t\t\t\t\t\t\t\t\t\t<li>Consectetur adipisicing elit do eiusmod<\/li>\n\t\t\t\t\t\t\t\t\t\t\t\t\t\t<li>Incididunt ut labore et dolore magna aliqua<\/li>\n\t\t\t\t\t\t\t\t\t\t\t\t\t\t<li>Ut enim ad minim veniam<\/li>\n\t\t\t\t\t\t\t\t\t\t\t\t\t\t<li>Quis nostrud exercitation ullamco laboris nisi<\/li>\n\t\t\t\t\t\t\t\t\t\t\t\t\t\t<li>Aliquip ex ea commodo consequat.<\/li>\n\t\t\t\t\t\t\t\t\t\t\t\t\t\t<li>Duis aute irure dolor in reprehenderit<\/li>\n\t\t\t\t\t\t\t\t\t\t\t\t\t<\/ul>\n<ul class=\"tg-tick\">\n\t\t\t\t\t\t\t\t\t\t\t\t\t\t<li>Consectetur adipisicing elit do eiusmod<\/li>\n\t\t\t\t\t\t\t\t\t\t\t\t\t\t<li>Incididunt ut labore et dolore magna aliqua<\/li>\n\t\t\t\t\t\t\t\t\t\t\t\t\t\t<li>Ut enim ad minim veniam<\/li>\n\t\t\t\t\t\t\t\t\t\t\t\t\t\t<li>Quis nostrud exercitation ullamco laboris nisi<\/li>\n\t\t\t\t\t\t\t\t\t\t\t\t\t\t<li>Aliquip ex ea commodo consequat.<\/li>\n\t\t\t\t\t\t\t\t\t\t\t\t\t\t<li>Duis aute irure dolor in reprehenderit<\/li>\n\t\t\t\t\t\t\t\t\t\t\t\t\t<\/ul>\n\n\t\t\t\t\t\t\t\t\t\t\t\t\t\n                                    <\/div>\r\n                                                                        <div role=\"tabpanel\" class=\"tab-pane \" id=\"tab-2\">\r\n                                        <figure class=\"tg-alignleft\">\n<img decoding=\"async\" src=\"http:\/\/quickshipping.fr\/hamot-stephane\/wp-content\/uploads\/2017\/03\/services1.jpg\" alt=\"image desctiption\"\/>\n<\/figure>\n\t\t\t\t\t\t\t\t\t\t\t\t\t<h4>Lorem ipsum consec tetur<\/h4>\n\t\t\t\t\t\t\t\t\t\t\t\t\t<p>Lorem ipsum dolor sit amet, consectetur adipisicing elit, sed do eiusmod tempor incididunt ut labore et dolore magna aliqua. Ut enim ad minim veniam, quis nostrud exercitation ullamco laboris nisi ut aliquip ex ea commodo consequat. Duis aute irure dolor in reprehenderit in voluptate velit esse cillum dolore eu fugiat nulla pariaturt occaecat cupidatat non proident sunt in culpa qui officia<\/p>\n<p>Consectetur adipisicing elit, sed do eiusmod tempor incididunt ut labore et dolore magna aliqua. Ut enim ad minim veniam, quistat nostrud exercitation ullamco laboris nisi ut aliquip ex ea commodo consequat. Duisat aute irure dolor in reprehenderit in voluptate velit esse cillum dolore eu fugiat nulla.<\/p>\n<p>\nConsectetur adipisicing elit, sed do eiusmod tempor incididunt ut labore et dolore magna aliqua. Ut enim ad minim veniam, quistat nostrud exercitation ullamco laboris nisi ut aliquip ex ea commodo consequat. Duisat aute irure dolor in reprehenderit in voluptate velit esse cillum dolore eu fugiat nulla<\/p>\n<ul class=\"tg-tick\">\n\t\t\t\t\t\t\t\t\t\t\t\t\t\t<li>Consectetur adipisicing elit do eiusmod<\/li>\n\t\t\t\t\t\t\t\t\t\t\t\t\t\t<li>Incididunt ut labore et dolore magna aliqua<\/li>\n\t\t\t\t\t\t\t\t\t\t\t\t\t\t<li>Ut enim ad minim veniam<\/li>\n\t\t\t\t\t\t\t\t\t\t\t\t\t\t<li>Quis nostrud exercitation ullamco laboris nisi<\/li>\n\t\t\t\t\t\t\t\t\t\t\t\t\t\t<li>Aliquip ex ea commodo consequat.<\/li>\n\t\t\t\t\t\t\t\t\t\t\t\t\t\t<li>Duis aute irure dolor in reprehenderit<\/li>\n\t\t\t\t\t\t\t\t\t\t\t\t\t<\/ul>\n<ul class=\"tg-tick\">\n\t\t\t\t\t\t\t\t\t\t\t\t\t\t<li>Consectetur adipisicing elit do eiusmod<\/li>\n\t\t\t\t\t\t\t\t\t\t\t\t\t\t<li>Incididunt ut labore et dolore magna aliqua<\/li>\n\t\t\t\t\t\t\t\t\t\t\t\t\t\t<li>Ut enim ad minim veniam<\/li>\n\t\t\t\t\t\t\t\t\t\t\t\t\t\t<li>Quis nostrud exercitation ullamco laboris nisi<\/li>\n\t\t\t\t\t\t\t\t\t\t\t\t\t\t<li>Aliquip ex ea commodo consequat.<\/li>\n\t\t\t\t\t\t\t\t\t\t\t\t\t\t<li>Duis aute irure dolor in reprehenderit<\/li>\n\t\t\t\t\t\t\t\t\t\t\t\t\t<\/ul>\n\n\t\t\t\t\t\t\t\t\t\t\t\t\t\n                                    <\/div>\r\n                                                                        <div role=\"tabpanel\" class=\"tab-pane \" id=\"tab-3\">\r\n                                        <figure class=\"tg-alignleft\">\n<img decoding=\"async\" src=\"http:\/\/quickshipping.fr\/hamot-stephane\/wp-content\/uploads\/2017\/03\/services1.jpg\" alt=\"image desctiption\"\/>\n<\/figure>\n\t\t\t\t\t\t\t\t\t\t\t\t\t<h4>Lorem ipsum consec tetur<\/h4>\n\t\t\t\t\t\t\t\t\t\t\t\t\t<p>Lorem ipsum dolor sit amet, consectetur adipisicing elit, sed do eiusmod tempor incididunt ut labore et dolore magna aliqua. Ut enim ad minim veniam, quis nostrud exercitation ullamco laboris nisi ut aliquip ex ea commodo consequat. Duis aute irure dolor in reprehenderit in voluptate velit esse cillum dolore eu fugiat nulla pariaturt occaecat cupidatat non proident sunt in culpa qui officia<\/p>\n<p>Consectetur adipisicing elit, sed do eiusmod tempor incididunt ut labore et dolore magna aliqua. Ut enim ad minim veniam, quistat nostrud exercitation ullamco laboris nisi ut aliquip ex ea commodo consequat. Duisat aute irure dolor in reprehenderit in voluptate velit esse cillum dolore eu fugiat nulla.<\/p>\n<p>\nConsectetur adipisicing elit, sed do eiusmod tempor incididunt ut labore et dolore magna aliqua. Ut enim ad minim veniam, quistat nostrud exercitation ullamco laboris nisi ut aliquip ex ea commodo consequat. Duisat aute irure dolor in reprehenderit in voluptate velit esse cillum dolore eu fugiat nulla<\/p>\n<ul class=\"tg-tick\">\n\t\t\t\t\t\t\t\t\t\t\t\t\t\t<li>Consectetur adipisicing elit do eiusmod<\/li>\n\t\t\t\t\t\t\t\t\t\t\t\t\t\t<li>Incididunt ut labore et dolore magna aliqua<\/li>\n\t\t\t\t\t\t\t\t\t\t\t\t\t\t<li>Ut enim ad minim veniam<\/li>\n\t\t\t\t\t\t\t\t\t\t\t\t\t\t<li>Quis nostrud exercitation ullamco laboris nisi<\/li>\n\t\t\t\t\t\t\t\t\t\t\t\t\t\t<li>Aliquip ex ea commodo consequat.<\/li>\n\t\t\t\t\t\t\t\t\t\t\t\t\t\t<li>Duis aute irure dolor in reprehenderit<\/li>\n\t\t\t\t\t\t\t\t\t\t\t\t\t<\/ul>\n<ul class=\"tg-tick\">\n\t\t\t\t\t\t\t\t\t\t\t\t\t\t<li>Consectetur adipisicing elit do eiusmod<\/li>\n\t\t\t\t\t\t\t\t\t\t\t\t\t\t<li>Incididunt ut labore et dolore magna aliqua<\/li>\n\t\t\t\t\t\t\t\t\t\t\t\t\t\t<li>Ut enim ad minim veniam<\/li>\n\t\t\t\t\t\t\t\t\t\t\t\t\t\t<li>Quis nostrud exercitation ullamco laboris nisi<\/li>\n\t\t\t\t\t\t\t\t\t\t\t\t\t\t<li>Aliquip ex ea commodo consequat.<\/li>\n\t\t\t\t\t\t\t\t\t\t\t\t\t\t<li>Duis aute irure dolor in reprehenderit<\/li>\n\t\t\t\t\t\t\t\t\t\t\t\t\t<\/ul>                                    <\/div>\r\n                                                            <\/div>\r\n                    <\/div>\r\n                <\/div>\r\n                [vc_empty_space height=\u00a0\u00bb42px\u00a0\u00bb][\/vc_column][\/vc_row]<\/p>\n","protected":false},"excerpt":{"rendered":"<p>[vc_row css=\u00a0\u00bb.vc_custom_1481805041018{padding-bottom: 0px !important;}\u00a0\u00bb][vc_column offset=\u00a0\u00bbvc_col-lg-offset-2 vc_col-lg-8 vc_col-md-offset-1 vc_col-md-10 vc_col-sm-offset-0 vc_col-xs-12&Prime;] Le cabinet STH effectue des actions pluridisciplinaires afin d&rsquo;anticiper et de r\u00e9pondre au mieux \u00e0 vos besoins. Nous sommes l\u00e0 pour vous conseiller et vous accompagner \u00e0 chaque \u00e9tape de votre vie d&rsquo;entrepreneur, de la saisie de vos \u00e9l\u00e9ments comptables, \u00e0 vos obligations fiscales. Vous&#8230;.<\/p>\n","protected":false},"author":1,"featured_media":0,"parent":0,"menu_order":0,"comment_status":"closed","ping_status":"closed","template":"","meta":{"footnotes":""},"_links":{"self":[{"href":"https:\/\/quickshipping.fr\/hamot-stephane\/wp-json\/wp\/v2\/pages\/798"}],"collection":[{"href":"https:\/\/quickshipping.fr\/hamot-stephane\/wp-json\/wp\/v2\/pages"}],"about":[{"href":"https:\/\/quickshipping.fr\/hamot-stephane\/wp-json\/wp\/v2\/types\/page"}],"author":[{"embeddable":true,"href":"https:\/\/quickshipping.fr\/hamot-stephane\/wp-json\/wp\/v2\/users\/1"}],"replies":[{"embeddable":true,"href":"https:\/\/quickshipping.fr\/hamot-stephane\/wp-json\/wp\/v2\/comments?post=798"}],"version-history":[{"count":10,"href":"https:\/\/quickshipping.fr\/hamot-stephane\/wp-json\/wp\/v2\/pages\/798\/revisions"}],"predecessor-version":[{"id":1037,"href":"https:\/\/quickshipping.fr\/hamot-stephane\/wp-json\/wp\/v2\/pages\/798\/revisions\/1037"}],"wp:attachment":[{"href":"https:\/\/quickshipping.fr\/hamot-stephane\/wp-json\/wp\/v2\/media?parent=798"}],"curies":[{"name":"wp","href":"https:\/\/api.w.org\/{rel}","templated":true}]}}