{"id":827,"date":"2017-03-14T16:32:52","date_gmt":"2017-03-14T15:32:52","guid":{"rendered":"https:\/\/quickshipping.fr\/hamot-stephane\/?page_id=827"},"modified":"2017-07-12T15:42:49","modified_gmt":"2017-07-12T13:42:49","slug":"contactez-nous","status":"publish","type":"page","link":"https:\/\/quickshipping.fr\/hamot-stephane\/contactez-nous\/","title":{"rendered":"CONTACTEZ-NOUS"},"content":{"rendered":"<p>[vc_row css=\u00a0\u00bb.vc_custom_1487851423836{padding-bottom: 0px !important;}\u00a0\u00bb][vc_column css=\u00a0\u00bb.vc_custom_1483959413820{padding-right: 0px !important;padding-left: 0px !important;}\u00a0\u00bb]            <div class=\"contact-form  \" >\r\n                                    <div class=\"col-lg-offset-2 col-lg-8 col-md-offset-1 col-md-10 col-sm-offset-0 col-sm-12 col-xs-12\">\r\n                        <div class=\"tg-sectionhead\">\r\n                                                            <div class=\"tg-sectiontitle\">\r\n                                                                            <h2>Besoin d&#039;une information ?<\/h2>\r\n                                                                                                                <h3>CONTACTEZ-NOUS<\/h3>\r\n                                                                    <\/div>\r\n                                                                <div class=\"tg-description\">\r\n                                    <p>Vous avez des questions ? au sujet du cabinet d&#039;expert-comptable STH ou \u00e0 propos d&#039;une mission ! Pour tous renseignements, n&#039;h\u00e9sitez pas \u00e0 nous contacter par le biais de ce formulaire ou au 0590 84 81 41.<\/p>\r\n                                <\/div>\r\n                                                    <\/div>\r\n                    <\/div>\r\n                                <div class=\"contact_wrap_pg finance_hawk-getintouch\">\r\n                    <div class=\"message_contact col-xs-12\"><\/div>\r\n                    <form class=\"tg-themeform tg-haslayout contact_form\">\r\n                        <fieldset class=\"form-data\"  data-success=\"Message envoy\u00e9 avec succ\u00e8s. Nous reviendrons vers vous dans les meilleurs d\u00e9lais.\" data-error=\"Une erreur est survenue lors de l&#039;envoi du message, merci de r\u00e9essayer.\" data-email=\"kamina.aramon@web2web.fr\">\r\n                            <input type=\"hidden\" id=\"security\" name=\"security\" value=\"22d50655f1\" \/><input type=\"hidden\" name=\"_wp_http_referer\" value=\"\/hamot-stephane\/wp-json\/wp\/v2\/pages\/827\" \/>                            <div class=\"col-sm-4\">\r\n                                <div class=\"form-group\">\r\n                                    <input type=\"text\" name=\"name\" class=\"form-control\" placeholder=\"Name\">\r\n                                <\/div>\r\n                            <\/div>\r\n                            <div class=\"col-sm-4\">\r\n                                <div class=\"form-group\">\r\n                                    <input type=\"text\" class=\"form-control\" name=\"number\" placeholder=\"Number\">\r\n                                <\/div>\r\n                            <\/div>\r\n                            <div class=\"col-sm-4\">\r\n                                <div class=\"form-group\">\r\n                                    <input type=\"email\" name=\"useremail\" class=\"form-control\" placeholder=\"Email\">\r\n                                <\/div>\r\n                            <\/div>\r\n                            <div class=\"col-sm-12 col-xs-12\">\r\n                                <div class=\"form-group\">\r\n                                    <textarea class=\"form-control\" name=\"description\" placeholder=\"Message\"><\/textarea>\r\n                                <\/div>\r\n                            <\/div>\r\n                            <div class=\"col-sm-12 col-xs-12\">\r\n                                <div class=\"form-group\">\r\n                                    <button class=\"finance_hawk-btn tg-btn contact_now_pg\" type=\"submit\"><span>Send Message<\/span><\/button>\r\n                                <\/div>\r\n                            <\/div>\r\n                        <\/fieldset>\r\n                    <\/form>\r\n                <\/div>\r\n            <\/div>\r\n            <\/div>\r\n            [\/vc_column][\/vc_row][vc_row full_width=\u00a0\u00bbstretch_row_content_no_spaces\u00a0\u00bb css=\u00a0\u00bb.vc_custom_1483960124361{padding-top: 0px !important;padding-bottom: 0px !important;}\u00a0\u00bb][vc_column width=\u00a0\u00bb1\/4&Prime; css=\u00a0\u00bb.vc_custom_1483959698697{padding-right: 0px !important;padding-left: 0px !important;}\u00a0\u00bb][\/vc_column][vc_column width=\u00a0\u00bb1\/2&Prime;]            <div class=\"contact-map  \" >\r\n                <div id=\"tg-locationmap-j1V0M\" class=\"tg-locationmap\" style=\"height:545px;\"><\/div>\r\n                <script type='text\/javascript'>\r\n                    function initialize_j1V0M() {\r\n                        var mapLatlng = new google.maps.LatLng(16.237667, -61.531640);\r\n                        var mapOptions = {\r\n                            zoom: 12,\r\n                            scrollwheel: true,\r\n                            draggable: true,\r\n                            streetViewControl: false,\r\n                            center: mapLatlng,\r\n                            mapTypeId: google.maps.MapTypeId.ROADMAP,\r\n                            disableDefaultUI: true,\r\n                        }\r\n\r\n                        var map = new google.maps.Map(document.getElementById('tg-locationmap-j1V0M'), mapOptions);\r\n\r\n                        var styles = finance_hawk_get_map_styles('view_1');\r\n                        if (styles != '') {\r\n                            var styledMap = new google.maps.StyledMapType(styles, {name: 'Styled Map'});\r\n                            map.mapTypes.set('map_style', styledMap);\r\n                            map.setMapTypeId('map_style');\r\n                        }\r\n\r\n                        var infowindow = new google.maps.InfoWindow({\r\n                            content: ' 115 rue Vatable, 97110 Pointe \u00e0 Pitre',\r\n                            maxWidth: '250',\r\n                        });\r\n                                                var marker = new google.maps.Marker({\r\n                                position: mapLatlng,\r\n                                map: map,\r\n                                title: '',\r\n                                icon: 'https:\/\/quickshipping.fr\/hamot-stephane\/wp-content\/uploads\/2017\/03\/marker-map1.png',\r\n                                shadow: ''\r\n                            });\r\n                                            if (infowindow.content != '') {\r\n                            infowindow.open(map, marker);\r\n                            map.panBy(1, -60);\r\n                            google.maps.event.addListener(marker, 'click', function (event) {\r\n                                infowindow.open(map, marker);\r\n                            });\r\n                        }\r\n\r\n                    }\r\n                    jQuery(document).ready(function (e) {\r\n                        google.maps.event.addDomListener(window, 'load', initialize_j1V0M);\r\n                    });\r\n                <\/script>\t\r\n            <\/div>\r\n            [\/vc_column][vc_column width=\u00a0\u00bb1\/4&Prime;][\/vc_column][\/vc_row][vc_row full_width=\u00a0\u00bbstretch_row\u00a0\u00bb css=\u00a0\u00bb.vc_custom_1498837265727{margin-top: 80px !important;padding-top: 0px !important;padding-bottom: 0px !important;background: #f7f7f7 url(https:\/\/quickshipping.fr\/hamot-stephane\/wp-content\/uploads\/2016\/10\/bg-01.png?id=45) !important;}\u00a0\u00bb][vc_column][vc_empty_space][\/vc_column][vc_column][\/vc_column][\/vc_row]<\/p>\n","protected":false},"excerpt":{"rendered":"<p>[vc_row css=\u00a0\u00bb.vc_custom_1487851423836{padding-bottom: 0px !important;}\u00a0\u00bb][vc_column css=\u00a0\u00bb.vc_custom_1483959413820{padding-right: 0px !important;padding-left: 0px !important;}\u00a0\u00bb] Besoin d&#039;une information ? CONTACTEZ-NOUS Vous avez des questions ? au sujet du cabinet d&#039;expert-comptable STH ou \u00e0 propos d&#039;une mission ! Pour tous renseignements, n&#039;h\u00e9sitez pas \u00e0 nous contacter par le biais de ce formulaire ou au 0590 84 81 41. Send Message [\/vc_column][\/vc_row][vc_row full_width=\u00a0\u00bbstretch_row_content_no_spaces\u00a0\u00bb&#8230;.<\/p>\n","protected":false},"author":1,"featured_media":0,"parent":0,"menu_order":0,"comment_status":"closed","ping_status":"closed","template":"","meta":{"footnotes":""},"_links":{"self":[{"href":"https:\/\/quickshipping.fr\/hamot-stephane\/wp-json\/wp\/v2\/pages\/827"}],"collection":[{"href":"https:\/\/quickshipping.fr\/hamot-stephane\/wp-json\/wp\/v2\/pages"}],"about":[{"href":"https:\/\/quickshipping.fr\/hamot-stephane\/wp-json\/wp\/v2\/types\/page"}],"author":[{"embeddable":true,"href":"https:\/\/quickshipping.fr\/hamot-stephane\/wp-json\/wp\/v2\/users\/1"}],"replies":[{"embeddable":true,"href":"https:\/\/quickshipping.fr\/hamot-stephane\/wp-json\/wp\/v2\/comments?post=827"}],"version-history":[{"count":18,"href":"https:\/\/quickshipping.fr\/hamot-stephane\/wp-json\/wp\/v2\/pages\/827\/revisions"}],"predecessor-version":[{"id":979,"href":"https:\/\/quickshipping.fr\/hamot-stephane\/wp-json\/wp\/v2\/pages\/827\/revisions\/979"}],"wp:attachment":[{"href":"https:\/\/quickshipping.fr\/hamot-stephane\/wp-json\/wp\/v2\/media?parent=827"}],"curies":[{"name":"wp","href":"https:\/\/api.w.org\/{rel}","templated":true}]}}