{"id":1128,"date":"2024-04-29T11:08:43","date_gmt":"2024-04-29T10:08:43","guid":{"rendered":"https:\/\/quickshipping.fr\/?page_id=1128"},"modified":"2024-04-29T11:29:33","modified_gmt":"2024-04-29T10:29:33","slug":"conditions-generales-de-ventes","status":"publish","type":"page","link":"https:\/\/quickshipping.fr\/index.php\/conditions-generales-de-ventes\/","title":{"rendered":"Conditions G\u00e9n\u00e9rales de Ventes"},"content":{"rendered":"<div id=\"pl-1128\"  class=\"panel-layout\" ><div id=\"pg-1128-0\"  class=\"panel-grid panel-no-style\" ><div id=\"pgc-1128-0-0\"  class=\"panel-grid-cell\" ><div id=\"panel-1128-0-0-0\" class=\"so-panel widget widget_sow-headline panel-first-child\" data-index=\"0\" ><div\n\t\t\t\n\t\t\tclass=\"so-widget-sow-headline so-widget-sow-headline-default-ec1eb4cebc48-1128\"\n\t\t\t\n\t\t><div class=\"sow-headline-container \">\n\t\t\t\t\t\t\t<h2 class=\"sow-headline\">\n\t\t\t\t\t\tConditions G\u00e9n\u00e9rales de Vente (CGV) \u2013 QuickShipping.fr\t\t\t\t\t\t<\/h2>\n\t\t\t\t\t\t\t\t\t\t\t<div class=\"decoration\">\n\t\t\t\t\t\t<div class=\"decoration-inside\"><\/div>\n\t\t\t\t\t<\/div>\n\t\t\t\t\t<\/div>\n<\/div><\/div><div id=\"panel-1128-0-0-1\" class=\"so-panel widget widget_sow-editor panel-last-child\" data-index=\"1\" ><div\n\t\t\t\n\t\t\tclass=\"so-widget-sow-editor so-widget-sow-editor-base\"\n\t\t\t\n\t\t>\n<div class=\"siteorigin-widget-tinymce textwidget\">\n\t<h4><strong>1. Pr\u00e9ambule<\/strong><\/h4>\n<p>Ces conditions g\u00e9n\u00e9rales de vente (CGV) s'appliquent exclusivement entre la soci\u00e9t\u00e9 QuickShipping, dont le si\u00e8ge social est situ\u00e9 en Guadeloupe, et toute personne visitant ou effectuant un achat via le site <a href=\"http:\/\/quickshipping.fr\/\" target=\"_new\" rel=\"noopener\">http:\/\/quickshipping.fr\/<\/a>.<\/p>\n<h4><strong>2. Objet<\/strong><\/h4>\n<p>Le site QuickShipping.fr propose des services de transport de fret a\u00e9rien et maritime pour des marchandises en provenance de France vers les Antilles, l'Afrique (B\u00e9nin, C\u00f4te d'Ivoire) et l'Oc\u00e9anie. Ce service inclut un formulaire de paiement en ligne pour faciliter la prise en charge des envois vers ces destinations.<\/p>\n<h4><strong>3. Acceptation des conditions<\/strong><\/h4>\n<p>Le client reconna\u00eet avoir pris connaissance, au moment de la passation de commande, des conditions particuli\u00e8res de vente \u00e9nonc\u00e9es sur ce site et d\u00e9clare express\u00e9ment les accepter sans r\u00e9serve.<\/p>\n<h4><strong>4. Modalit\u00e9s de commande et prix<\/strong><\/h4>\n<p>Les commandes sont effectu\u00e9es exclusivement via le site web. Les prix des services sont indiqu\u00e9s en euros et sont ceux en vigueur au moment de la passation de la commande. Les prix sont d\u00e9taill\u00e9s dans un devis personnalis\u00e9, cr\u00e9\u00e9 suite \u00e0 la soumission du formulaire de commande.<\/p>\n<h4><strong>5. Paiement<\/strong><\/h4>\n<p>Le paiement est exigible imm\u00e9diatement \u00e0 la date de la commande. Le paiement peut \u00eatre r\u00e9alis\u00e9 par carte bancaire via un syst\u00e8me de paiement s\u00e9curis\u00e9 en ligne.<\/p>\n<h4><strong>6. Conditions de transport<\/strong><\/h4>\n<p>Le transport des marchandises est soumis aux conditions de transport sp\u00e9cifiques, qui d\u00e9pendent des r\u00e9glementations en vigueur dans chaque pays de destination. QuickShipping ne saurait \u00eatre tenu pour responsable des retards de livraison caus\u00e9s par des cas de force majeure ou des faits impr\u00e9visibles et insurmontables d'un tiers au contrat.<\/p>\n<h4><strong>7. R\u00e9clamations<\/strong><\/h4>\n<p>En cas de non-conformit\u00e9 ou de dommage apparent des marchandises livr\u00e9es, le client devra formuler une r\u00e9clamation par \u00e9crit dans un d\u00e9lai de sept jours ouvr\u00e9s \u00e0 compter de la livraison.<\/p>\n<h4><strong>8. Responsabilit\u00e9<\/strong><\/h4>\n<p>QuickShipping n\u2019est responsable que du contenu des pages qu\u2019elle \u00e9dite. QuickShipping se r\u00e9serve le droit de modifier, \u00e0 tout moment, les informations du site web, notamment en actualisant ces CGV.<\/p>\n<h4><strong>9. Donn\u00e9es personnelles<\/strong><\/h4>\n<p>Les informations recueillies via le site font l\u2019objet d\u2019un traitement informatique destin\u00e9 \u00e0 la gestion des clients et des commandes. Le destinataire des donn\u00e9es est exclusivement QuickShipping. Conform\u00e9ment \u00e0 la loi, vous disposez de droits d'acc\u00e8s, de rectification et d'opposition sur les donn\u00e9es vous concernant.<\/p>\n<h4><strong>10. Litiges<\/strong><\/h4>\n<p>Tout litige en relation avec l'utilisation du site QuickShipping.fr est soumis au droit fran\u00e7ais. En cas de litige, une solution amiable sera prioris\u00e9e. \u00c0 d\u00e9faut de r\u00e9solution amiable, les tribunaux comp\u00e9tents seront ceux de Guadeloupe.<\/p>\n<h4><strong>11. Modifications des CGV<\/strong><\/h4>\n<p>QuickShipping se r\u00e9serve le droit de modifier les conditions g\u00e9n\u00e9rales de vente. Les nouvelles CGV seront, le cas \u00e9ch\u00e9ant, port\u00e9es \u00e0 la connaissance du client par modification en ligne et seront applicables uniquement aux ventes r\u00e9alis\u00e9es post\u00e9rieurement \u00e0 la modification.<\/p>\n<\/div>\n<\/div><\/div><\/div><\/div><\/div>","protected":false},"excerpt":{"rendered":"<p>1. Pr\u00e9ambule Ces conditions g\u00e9n\u00e9rales de vente (CGV) s&#8217;appliquent exclusivement entre la soci\u00e9t\u00e9 QuickShipping, dont le si\u00e8ge social est situ\u00e9 en Guadeloupe, et toute personne visitant ou effectuant un achat via le site http:\/\/quickshipping.fr\/. 2. Objet Le site QuickShipping.fr propose des services de transport de fret a\u00e9rien et maritime pour des marchandises en provenance de &hellip;<\/p>\n","protected":false},"author":1,"featured_media":0,"parent":0,"menu_order":0,"comment_status":"closed","ping_status":"closed","template":"","meta":{"_acf_changed":false,"footnotes":""},"acf":[],"_links":{"self":[{"href":"https:\/\/quickshipping.fr\/index.php\/wp-json\/wp\/v2\/pages\/1128"}],"collection":[{"href":"https:\/\/quickshipping.fr\/index.php\/wp-json\/wp\/v2\/pages"}],"about":[{"href":"https:\/\/quickshipping.fr\/index.php\/wp-json\/wp\/v2\/types\/page"}],"author":[{"embeddable":true,"href":"https:\/\/quickshipping.fr\/index.php\/wp-json\/wp\/v2\/users\/1"}],"replies":[{"embeddable":true,"href":"https:\/\/quickshipping.fr\/index.php\/wp-json\/wp\/v2\/comments?post=1128"}],"version-history":[{"count":6,"href":"https:\/\/quickshipping.fr\/index.php\/wp-json\/wp\/v2\/pages\/1128\/revisions"}],"predecessor-version":[{"id":1134,"href":"https:\/\/quickshipping.fr\/index.php\/wp-json\/wp\/v2\/pages\/1128\/revisions\/1134"}],"wp:attachment":[{"href":"https:\/\/quickshipping.fr\/index.php\/wp-json\/wp\/v2\/media?parent=1128"}],"curies":[{"name":"wp","href":"https:\/\/api.w.org\/{rel}","templated":true}]}}