{"id":1139,"date":"2024-04-29T11:37:38","date_gmt":"2024-04-29T10:37:38","guid":{"rendered":"https:\/\/quickshipping.fr\/?page_id=1139"},"modified":"2024-04-29T11:38:24","modified_gmt":"2024-04-29T10:38:24","slug":"mentions-legales","status":"publish","type":"page","link":"https:\/\/quickshipping.fr\/index.php\/mentions-legales\/","title":{"rendered":"Mentions l\u00e9gales"},"content":{"rendered":"<div id=\"pl-1139\"  class=\"panel-layout\" ><div id=\"pg-1139-0\"  class=\"panel-grid panel-no-style\" ><div id=\"pgc-1139-0-0\"  class=\"panel-grid-cell\" ><div id=\"panel-1139-0-0-0\" class=\"so-panel widget widget_sow-headline panel-first-child\" data-index=\"0\" ><div\n\t\t\t\n\t\t\tclass=\"so-widget-sow-headline so-widget-sow-headline-default-ec1eb4cebc48-1139\"\n\t\t\t\n\t\t><div class=\"sow-headline-container \">\n\t\t\t\t\t\t\t<h2 class=\"sow-headline\">\n\t\t\t\t\t\tMentions L\u00e9gales \u2013 QuickShipping.fr\t\t\t\t\t\t<\/h2>\n\t\t\t\t\t\t\t\t\t\t\t<div class=\"decoration\">\n\t\t\t\t\t\t<div class=\"decoration-inside\"><\/div>\n\t\t\t\t\t<\/div>\n\t\t\t\t\t<\/div>\n<\/div><\/div><div id=\"panel-1139-0-0-1\" class=\"so-panel widget widget_sow-editor panel-last-child\" data-index=\"1\" ><div\n\t\t\t\n\t\t\tclass=\"so-widget-sow-editor so-widget-sow-editor-base\"\n\t\t\t\n\t\t>\n<div class=\"siteorigin-widget-tinymce textwidget\">\n\t<h4><strong>1. \u00c9diteur du Site<\/strong><\/h4>\n<p>Le site Internet <a href=\"http:\/\/quickshipping.fr\/\" target=\"_new\" rel=\"noopener\">http:\/\/quickshipping.fr\/<\/a> est \u00e9dit\u00e9 par QuickShipping, soci\u00e9t\u00e9 sp\u00e9cialis\u00e9e dans le transport de fret a\u00e9rien et maritime, inscrite au registre du commerce de Guadeloupe sous le num\u00e9ro [num\u00e9ro d'inscription], dont le si\u00e8ge social est situ\u00e9 \u00e0 [adresse compl\u00e8te], Guadeloupe.<\/p>\n<p>Directeur de la publication : Mr Steve BADE, Pr\u00e9sident de QuickShipping. Contact : contact@quickshipping.fr, 0690 21 51 17.<\/p>\n<h4><strong>2. H\u00e9bergeur du Site<\/strong><\/h4>\n<p>Le site est h\u00e9berg\u00e9 par OVH, 2, rue Kellermann, 59100 Roubaix.<\/p>\n<h4><strong>3. Propri\u00e9t\u00e9 intellectuelle<\/strong><\/h4>\n<p>L'ensemble des contenus pr\u00e9sents sur le site QuickShipping.fr, incluant, sans limitation, graphismes, images, textes, vid\u00e9os, animations, sons, logos, gifs et ic\u00f4nes ainsi que leur mise en forme sont la propri\u00e9t\u00e9 exclusive de la soci\u00e9t\u00e9 QuickShipping \u00e0 l'exception des marques, logos ou contenus appartenant \u00e0 d'autres soci\u00e9t\u00e9s partenaires ou auteurs.<\/p>\n<p>Toute reproduction, distribution, modification, adaptation, retransmission ou publication, m\u00eame partielle, de ces diff\u00e9rents \u00e9l\u00e9ments est strictement interdite sans l'accord expr\u00e8s par \u00e9crit de QuickShipping. Cette repr\u00e9sentation ou reproduction, par quelque proc\u00e9d\u00e9 que ce soit, constitue une contrefa\u00e7on sanctionn\u00e9e par les articles L.335-2 et suivants du Code de la propri\u00e9t\u00e9 intellectuelle. Le non-respect de cette interdiction constitue une contrefa\u00e7on pouvant engager la responsabilit\u00e9 civile et p\u00e9nale du contrefacteur.<\/p>\n<h4><strong>4. Limitation de responsabilit\u00e9<\/strong><\/h4>\n<p>QuickShipping s\u2019efforce d\u2019assurer au mieux de ses possibilit\u00e9s, l\u2019exactitude et la mise \u00e0 jour des informations diffus\u00e9es sur ce site, dont elle se r\u00e9serve le droit de corriger, \u00e0 tout moment et sans pr\u00e9avis, le contenu. Toutefois, QuickShipping ne peut garantir l'exactitude, la pr\u00e9cision ou l'exhaustivit\u00e9 des informations mises \u00e0 disposition sur ce site.<\/p>\n<p>En cons\u00e9quence, QuickShipping d\u00e9cline toute responsabilit\u00e9 :<\/p>\n<ul>\n<li>Pour toute interruption du site ;<\/li>\n<li>Survenance de bogues ;<\/li>\n<li>Pour toute inexactitude ou omission portant sur des informations disponibles sur le site ;<\/li>\n<li>Pour tout dommage r\u00e9sultant d'une intrusion frauduleuse d'un tiers ayant entra\u00een\u00e9 une modification des informations mises \u00e0 disposition sur le site ;<\/li>\n<li>Et plus g\u00e9n\u00e9ralement pour tout dommage, direct ou indirect, quelles qu'en soient les causes, origines, natures ou cons\u00e9quences.<\/li>\n<\/ul>\n<h4><strong>5. Gestion des donn\u00e9es personnelles<\/strong><\/h4>\n<p>Vos donn\u00e9es personnelles sont confidentielles et ne seront pas communiqu\u00e9es \u00e0 des tiers hormis pour la bonne ex\u00e9cution des services propos\u00e9s par QuickShipping. QuickShipping s'engage \u00e0 prot\u00e9ger les donn\u00e9es personnelles des utilisateurs, qui peuvent exercer leurs droits d'acc\u00e8s, de rectification et d'opposition en contactant le service d\u00e9di\u00e9.<\/p>\n<h4><strong>6. Droit applicable et attribution de juridiction<\/strong><\/h4>\n<p>Tout litige en relation avec l'utilisation du site QuickShipping.fr est soumis au droit fran\u00e7ais. Il est fait attribution exclusive de juridiction aux tribunaux comp\u00e9tents de Guadeloupe.<\/p>\n<h4><strong>7. Contact<\/strong><\/h4>\n<p>Pour toute question relative aux pratiques de ce site en mati\u00e8re de donn\u00e9es personnelles, vous pouvez nous contacter \u00e0 l'adresse contact@quickshipping.fr.<\/p>\n<\/div>\n<\/div><\/div><\/div><\/div><\/div>","protected":false},"excerpt":{"rendered":"<p>1. \u00c9diteur du Site Le site Internet http:\/\/quickshipping.fr\/ est \u00e9dit\u00e9 par QuickShipping, soci\u00e9t\u00e9 sp\u00e9cialis\u00e9e dans le transport de fret a\u00e9rien et maritime, inscrite au registre du commerce de Guadeloupe sous le num\u00e9ro [num\u00e9ro d&#8217;inscription], dont le si\u00e8ge social est situ\u00e9 \u00e0 [adresse compl\u00e8te], Guadeloupe. Directeur de la publication : Mr Steve BADE, Pr\u00e9sident de QuickShipping. &hellip;<\/p>\n","protected":false},"author":1,"featured_media":0,"parent":0,"menu_order":0,"comment_status":"closed","ping_status":"closed","template":"","meta":{"_acf_changed":false,"footnotes":""},"acf":[],"_links":{"self":[{"href":"https:\/\/quickshipping.fr\/index.php\/wp-json\/wp\/v2\/pages\/1139"}],"collection":[{"href":"https:\/\/quickshipping.fr\/index.php\/wp-json\/wp\/v2\/pages"}],"about":[{"href":"https:\/\/quickshipping.fr\/index.php\/wp-json\/wp\/v2\/types\/page"}],"author":[{"embeddable":true,"href":"https:\/\/quickshipping.fr\/index.php\/wp-json\/wp\/v2\/users\/1"}],"replies":[{"embeddable":true,"href":"https:\/\/quickshipping.fr\/index.php\/wp-json\/wp\/v2\/comments?post=1139"}],"version-history":[{"count":4,"href":"https:\/\/quickshipping.fr\/index.php\/wp-json\/wp\/v2\/pages\/1139\/revisions"}],"predecessor-version":[{"id":1143,"href":"https:\/\/quickshipping.fr\/index.php\/wp-json\/wp\/v2\/pages\/1139\/revisions\/1143"}],"wp:attachment":[{"href":"https:\/\/quickshipping.fr\/index.php\/wp-json\/wp\/v2\/media?parent=1139"}],"curies":[{"name":"wp","href":"https:\/\/api.w.org\/{rel}","templated":true}]}}