{"id":1183,"date":"2024-07-01T15:28:37","date_gmt":"2024-07-01T14:28:37","guid":{"rendered":"https:\/\/quickshipping.fr\/?page_id=1183"},"modified":"2024-07-01T16:03:31","modified_gmt":"2024-07-01T15:03:31","slug":"resultats-de-notre-jeux-concours-quickshipping","status":"publish","type":"page","link":"https:\/\/quickshipping.fr\/index.php\/resultats-de-notre-jeux-concours-quickshipping\/","title":{"rendered":"R\u00e9sultats de notre Jeux Concours QUICKSHIPPING&#x2122;"},"content":{"rendered":"<div id=\"pl-1183\"  class=\"panel-layout\" ><div id=\"pg-1183-0\"  class=\"panel-grid panel-no-style\" ><div id=\"pgc-1183-0-0\"  class=\"panel-grid-cell\" ><div id=\"panel-1183-0-0-0\" class=\"so-panel widget widget_sow-headline panel-first-child\" data-index=\"0\" ><div\n\t\t\t\n\t\t\tclass=\"so-widget-sow-headline so-widget-sow-headline-default-ec1eb4cebc48-1183\"\n\t\t\t\n\t\t><div class=\"sow-headline-container \">\n\t\t\t\t\t\t\t<h2 class=\"sow-headline\">\n\t\t\t\t\t\tR\u00e9sultats de notre Jeux Concours QUICKSHIPPING\u2122\t\t\t\t\t\t<\/h2>\n\t\t\t\t\t\t\t\t\t\t\t<div class=\"decoration\">\n\t\t\t\t\t\t<div class=\"decoration-inside\"><\/div>\n\t\t\t\t\t<\/div>\n\t\t\t\t\t<\/div>\n<\/div><\/div><div id=\"panel-1183-0-0-1\" class=\"so-panel widget widget_sow-editor panel-last-child\" data-index=\"1\" ><div\n\t\t\t\n\t\t\tclass=\"so-widget-sow-editor so-widget-sow-editor-base\"\n\t\t\t\n\t\t>\n<div class=\"siteorigin-widget-tinymce textwidget\">\n\t<style>\n  table {\n    width: 100%;\n    max-width: 674px; \/* Largeur maximale originale *\/\n    margin: 0 auto; \/* Centrer le tableau *\/\n    border-collapse: collapse; \/* Pour que les bordures soient bien ajust\u00e9es *\/\n  }<\/p>\n<p>  table, th, td {\n    border: 1px solid black;\n  }<\/p>\n<p>  @media (max-width: 674px) {\n    td {\n      display: block; \/* Chaque cellule devient comme une nouvelle ligne *\/\n      width: 100%;\n      box-sizing: border-box; \/* Pour inclure la bordure dans la largeur *\/\n    }\n  }\n<\/style>\n<h2><strong>\u00a0LOT\u00a0 1 :<\/strong><\/h2>\n<p><strong>UN S\u00c9JOUR A MARIE-GALANTE POUR 2 PERSONNES A L\u2019HOTEL SOLEIL LEVANT<\/strong><\/p>\n<table style=\"height: 44px;\" border=\"1\" width=\"674\">\n<tbody>\n<tr>\n<td width=\"338\">\u00a0EMBOULE<\/td>\n<td width=\"320\">\u00a0Shelsy<\/td>\n<\/tr>\n<\/tbody>\n<\/table>\n<p>&nbsp;<\/p>\n<h2><strong>\u00a0LOT\u00a0 2 :<\/strong><\/h2>\n<p><strong>3 M\u00caTRE CUBE OFFERT SUR VOTRE PROCHAIN PROJET TRANSPORT*<\/strong><\/p>\n<table style=\"height: 73px;\" border=\"1\" width=\"674\">\n<tbody>\n<tr>\n<td width=\"338\">\u00a0SCHMITT<\/td>\n<td width=\"320\">\u00a0Emilie<\/td>\n<\/tr>\n<\/tbody>\n<\/table>\n<p>&nbsp;<\/p>\n<h2><strong>LOT\u00a0 3\u00a0:<\/strong><\/h2>\n<p><strong>10 BONS DE R\u00c9DUCTION DE 20% SUR VOTRE PROCHAIN PROJET TRANSPORT*<\/strong><\/p>\n<table style=\"height: 644px;\" border=\"1\" width=\"670\">\n<tbody>\n<tr>\n<td width=\"141\">\u00a0NARCISSE<\/td>\n<td width=\"132\">\u00a0Davidson<\/td>\n<\/tr>\n<tr>\n<td width=\"141\">\u00a0BILLY<\/td>\n<td width=\"132\">\u00a0Astrid<\/td>\n<\/tr>\n<tr>\n<td width=\"141\">\u00a0COUPIN<\/td>\n<td width=\"132\">\u00a0Anthony<\/td>\n<\/tr>\n<tr>\n<td width=\"141\">\u00a0BARLAGNE<\/td>\n<td width=\"132\">\u00a0Stevie<\/td>\n<\/tr>\n<tr>\n<td width=\"141\">\u00a0MIMOUNI<\/td>\n<td width=\"132\">\u00a0L\u00e9ana<\/td>\n<\/tr>\n<tr>\n<td width=\"141\">\u00a0PANIER<\/td>\n<td width=\"132\">\u00a0Thibault<\/td>\n<\/tr>\n<tr>\n<td width=\"141\">\u00a0BOC<\/td>\n<td width=\"132\">\u00a0Luce<\/td>\n<\/tr>\n<tr>\n<td width=\"141\">\u00a0MARBOIS<\/td>\n<td width=\"132\">\u00a0Danielle<\/td>\n<\/tr>\n<tr>\n<td width=\"141\">\u00a0NOLAN<\/td>\n<td width=\"132\">\u00a0Germain<\/td>\n<\/tr>\n<tr>\n<td width=\"141\">\u00a0VALENTINO<\/td>\n<td width=\"132\">\u00a0Yannick<\/td>\n<\/tr>\n<\/tbody>\n<\/table>\n<p>&nbsp;<\/p>\n<p>Nous vous invitons de nous contacter \u00e0 <a href=\"mailto:steeve.qss@gmail.com\"><strong>steeve.qss@gmail.com<\/strong><\/a> pour connaitre les formalit\u00e9s \u00e0 remplir pour b\u00e9n\u00e9ficier de votre lot.<\/p>\n<p><strong>* Les bons sont \u00e0 utiliser avant le 31\/12\/2024.<\/strong><\/p>\n<\/div>\n<\/div><\/div><\/div><\/div><\/div>","protected":false},"excerpt":{"rendered":"<p>\u00a0LOT\u00a0 1 : UN S\u00c9JOUR A MARIE-GALANTE POUR 2 PERSONNES A L\u2019HOTEL SOLEIL LEVANT \u00a0EMBOULE \u00a0Shelsy &nbsp; \u00a0LOT\u00a0 2 : 3 M\u00caTRE CUBE OFFERT SUR VOTRE PROCHAIN PROJET TRANSPORT* \u00a0SCHMITT \u00a0Emilie &nbsp; LOT\u00a0 3\u00a0: 10 BONS DE R\u00c9DUCTION DE 20% SUR VOTRE PROCHAIN PROJET TRANSPORT* \u00a0NARCISSE \u00a0Davidson \u00a0BILLY \u00a0Astrid \u00a0COUPIN \u00a0Anthony \u00a0BARLAGNE \u00a0Stevie \u00a0MIMOUNI \u00a0L\u00e9ana &hellip;<\/p>\n","protected":false},"author":1,"featured_media":0,"parent":0,"menu_order":0,"comment_status":"closed","ping_status":"closed","template":"","meta":{"_acf_changed":false,"footnotes":""},"acf":[],"_links":{"self":[{"href":"https:\/\/quickshipping.fr\/index.php\/wp-json\/wp\/v2\/pages\/1183"}],"collection":[{"href":"https:\/\/quickshipping.fr\/index.php\/wp-json\/wp\/v2\/pages"}],"about":[{"href":"https:\/\/quickshipping.fr\/index.php\/wp-json\/wp\/v2\/types\/page"}],"author":[{"embeddable":true,"href":"https:\/\/quickshipping.fr\/index.php\/wp-json\/wp\/v2\/users\/1"}],"replies":[{"embeddable":true,"href":"https:\/\/quickshipping.fr\/index.php\/wp-json\/wp\/v2\/comments?post=1183"}],"version-history":[{"count":7,"href":"https:\/\/quickshipping.fr\/index.php\/wp-json\/wp\/v2\/pages\/1183\/revisions"}],"predecessor-version":[{"id":1191,"href":"https:\/\/quickshipping.fr\/index.php\/wp-json\/wp\/v2\/pages\/1183\/revisions\/1191"}],"wp:attachment":[{"href":"https:\/\/quickshipping.fr\/index.php\/wp-json\/wp\/v2\/media?parent=1183"}],"curies":[{"name":"wp","href":"https:\/\/api.w.org\/{rel}","templated":true}]}}