{"id":403,"date":"2015-05-21T11:44:59","date_gmt":"2015-05-21T11:44:59","guid":{"rendered":"http:\/\/xml-io.proteusthemes.com\/cargopress\/?page_id=403"},"modified":"2015-05-21T11:44:59","modified_gmt":"2015-05-21T11:44:59","slug":"widgets","status":"publish","type":"page","link":"https:\/\/quickshipping.fr\/index.php\/widgets\/","title":{"rendered":"Widgets"},"content":{"rendered":"<div id=\"pl-403\"  class=\"panel-layout\" ><div id=\"pg-403-0\"  class=\"panel-grid panel-no-style\" ><div id=\"pgc-403-0-0\"  class=\"panel-grid-cell\" ><div id=\"panel-403-0-0-0\" class=\"so-panel widget widget_archives widget_archive panel-first-child panel-last-child\" data-index=\"0\" ><h3 class=\"widget-title\"><span class=\"widget-title__inline\">Archives<\/span><\/h3>\n\t\t\t<ul>\n\t\t\t\t\t<li><a href='https:\/\/quickshipping.fr\/index.php\/2015\/05\/'>mai 2015<\/a><\/li>\n\t\t\t<\/ul>\n\n\t\t\t<\/div><\/div><div id=\"pgc-403-0-1\"  class=\"panel-grid-cell\" ><div id=\"panel-403-0-1-0\" class=\"so-panel widget widget_calendar panel-first-child panel-last-child\" data-index=\"1\" ><div id=\"calendar_wrap\" class=\"calendar_wrap\"><table id=\"wp-calendar\" class=\"wp-calendar-table\">\n\t<caption>mai 2026<\/caption>\n\t<thead>\n\t<tr>\n\t\t<th scope=\"col\" title=\"lundi\">L<\/th>\n\t\t<th scope=\"col\" title=\"mardi\">M<\/th>\n\t\t<th scope=\"col\" title=\"mercredi\">M<\/th>\n\t\t<th scope=\"col\" title=\"jeudi\">J<\/th>\n\t\t<th scope=\"col\" title=\"vendredi\">V<\/th>\n\t\t<th scope=\"col\" title=\"samedi\">S<\/th>\n\t\t<th scope=\"col\" title=\"dimanche\">D<\/th>\n\t<\/tr>\n\t<\/thead>\n\t<tbody>\n\t<tr>\n\t\t<td colspan=\"4\" class=\"pad\">&nbsp;<\/td><td id=\"today\">1<\/td><td>2<\/td><td>3<\/td>\n\t<\/tr>\n\t<tr>\n\t\t<td>4<\/td><td>5<\/td><td>6<\/td><td>7<\/td><td>8<\/td><td>9<\/td><td>10<\/td>\n\t<\/tr>\n\t<tr>\n\t\t<td>11<\/td><td>12<\/td><td>13<\/td><td>14<\/td><td>15<\/td><td>16<\/td><td>17<\/td>\n\t<\/tr>\n\t<tr>\n\t\t<td>18<\/td><td>19<\/td><td>20<\/td><td>21<\/td><td>22<\/td><td>23<\/td><td>24<\/td>\n\t<\/tr>\n\t<tr>\n\t\t<td>25<\/td><td>26<\/td><td>27<\/td><td>28<\/td><td>29<\/td><td>30<\/td><td>31<\/td>\n\t<\/tr>\n\t<\/tbody>\n\t<\/table><nav aria-label=\"Mois pr\u00e9c\u00e9dents et suivants\" class=\"wp-calendar-nav\">\n\t\t<span class=\"wp-calendar-nav-prev\"><a href=\"https:\/\/quickshipping.fr\/index.php\/2015\/05\/\">&laquo; Mai<\/a><\/span>\n\t\t<span class=\"pad\">&nbsp;<\/span>\n\t\t<span class=\"wp-calendar-nav-next\">&nbsp;<\/span>\n\t<\/nav><\/div><\/div><\/div><div id=\"pgc-403-0-2\"  class=\"panel-grid-cell\" ><div id=\"panel-403-0-2-0\" class=\"so-panel widget widget_categories panel-first-child panel-last-child\" data-index=\"2\" ><h3 class=\"widget-title\"><span class=\"widget-title__inline\">Cat\u00e9gories<\/span><\/h3>\n\t\t\t<ul>\n\t\t\t\t\t<li class=\"cat-item cat-item-6\"><a href=\"https:\/\/quickshipping.fr\/index.php\/category\/cargo\/\">Cargo<\/a>\n<\/li>\n\t<li class=\"cat-item cat-item-7\"><a href=\"https:\/\/quickshipping.fr\/index.php\/category\/delivery\/\">Delivery<\/a>\n<\/li>\n\t<li class=\"cat-item cat-item-10\"><a href=\"https:\/\/quickshipping.fr\/index.php\/category\/moving\/\">Moving<\/a>\n<\/li>\n\t<li class=\"cat-item cat-item-11\"><a href=\"https:\/\/quickshipping.fr\/index.php\/category\/shipping\/\">Shipping<\/a>\n<\/li>\n\t\t\t<\/ul>\n\n\t\t\t<\/div><\/div><div id=\"pgc-403-0-3\"  class=\"panel-grid-cell\" ><\/div><\/div><div id=\"pg-403-1\"  class=\"panel-grid panel-no-style\" ><div id=\"pgc-403-1-0\"  class=\"panel-grid-cell\" ><div id=\"panel-403-1-0-0\" class=\"so-panel widget widget_meta panel-first-child panel-last-child\" data-index=\"4\" ><h3 class=\"widget-title\"><span class=\"widget-title__inline\">M\u00e9ta<\/span><\/h3>\n\t\t<ul>\n\t\t\t\t\t\t<li><a href=\"https:\/\/quickshipping.fr\/wp-login.php\">Connexion<\/a><\/li>\n\t\t\t<li><a href=\"https:\/\/quickshipping.fr\/index.php\/feed\/\">Flux des publications<\/a><\/li>\n\t\t\t<li><a href=\"https:\/\/quickshipping.fr\/index.php\/comments\/feed\/\">Flux des commentaires<\/a><\/li>\n\n\t\t\t<li><a href=\"https:\/\/fr.wordpress.org\/\">Site de WordPress-FR<\/a><\/li>\n\t\t<\/ul>\n\n\t\t<\/div><\/div><div id=\"pgc-403-1-1\"  class=\"panel-grid-cell\" ><div id=\"panel-403-1-1-0\" class=\"so-panel widget widget_pages panel-first-child panel-last-child\" data-index=\"5\" ><h3 class=\"widget-title\"><span class=\"widget-title__inline\">Pages<\/span><\/h3>\n\t\t\t<ul>\n\t\t\t\t<li class=\"page_item page-item-1174\"><a href=\"https:\/\/quickshipping.fr\/index.php\/accord-de-pret-de-materiel\/\">Accord de Pr\u00eat de Mat\u00e9riel<\/a><\/li>\n<li class=\"page_item page-item-856\"><a href=\"https:\/\/quickshipping.fr\/index.php\/aucun-acces\/\">Aucun acc\u00e8s<\/a><\/li>\n<li class=\"page_item page-item-6\"><a href=\"https:\/\/quickshipping.fr\/index.php\/shop\/\">Boutique en ligne<\/a><\/li>\n<li class=\"page_item page-item-353 page_item_has_children\"><a href=\"https:\/\/quickshipping.fr\/index.php\/shop-2\/\">Boutique en ligne<\/a>\n<ul class='children'>\n\t<li class=\"page_item page-item-354\"><a href=\"https:\/\/quickshipping.fr\/index.php\/shop-2\/cart\/\">Cart<\/a><\/li>\n\t<li class=\"page_item page-item-355\"><a href=\"https:\/\/quickshipping.fr\/index.php\/shop-2\/checkout\/\">Checkout<\/a><\/li>\n\t<li class=\"page_item page-item-356\"><a href=\"https:\/\/quickshipping.fr\/index.php\/shop-2\/my-account\/\">My Account<\/a><\/li>\n<\/ul>\n<\/li>\n<li class=\"page_item page-item-7\"><a href=\"https:\/\/quickshipping.fr\/index.php\/cart\/\">Cart<\/a><\/li>\n<li class=\"page_item page-item-8\"><a href=\"https:\/\/quickshipping.fr\/index.php\/checkout\/\">Checkout<\/a><\/li>\n<li class=\"page_item page-item-1194\"><a href=\"https:\/\/quickshipping.fr\/index.php\/commentaires-quick-shipping\/\">Commentaires QUICK SHIPPING<\/a><\/li>\n<li class=\"page_item page-item-1128\"><a href=\"https:\/\/quickshipping.fr\/index.php\/conditions-generales-de-ventes\/\">Conditions G\u00e9n\u00e9rales de Ventes<\/a><\/li>\n<li class=\"page_item page-item-120\"><a href=\"https:\/\/quickshipping.fr\/index.php\/contact-us\/\">Contactez-Nous<\/a><\/li>\n<li class=\"page_item page-item-458 page_item_has_children\"><a href=\"https:\/\/quickshipping.fr\/index.php\/extras\/\">Extras<\/a>\n<ul class='children'>\n\t<li class=\"page_item page-item-460\"><a href=\"https:\/\/quickshipping.fr\/index.php\/extras\/tables\/\">Tables<\/a><\/li>\n<\/ul>\n<\/li>\n<li class=\"page_item page-item-992\"><a href=\"https:\/\/quickshipping.fr\/index.php\/formulaire-afrique\/\">Formulaire AFRIQUE<\/a><\/li>\n<li class=\"page_item page-item-681\"><a href=\"https:\/\/quickshipping.fr\/index.php\/form-test\/\">Formulaire ANTILLES<\/a><\/li>\n<li class=\"page_item page-item-993\"><a href=\"https:\/\/quickshipping.fr\/index.php\/formulaire-oceanie\/\">Formulaire OC\u00c9ANIE<\/a><\/li>\n<li class=\"page_item page-item-316\"><a href=\"https:\/\/quickshipping.fr\/index.php\/frequently-asked-questions\/\">Frequently Asked Questions<\/a><\/li>\n<li class=\"page_item page-item-11\"><a href=\"https:\/\/quickshipping.fr\/\">Home<\/a><\/li>\n<li class=\"page_item page-item-740\"><a href=\"https:\/\/quickshipping.fr\/index.php\/jeux-concours\/\">Inscription<\/a><\/li>\n<li class=\"page_item page-item-1179\"><a href=\"https:\/\/quickshipping.fr\/index.php\/lettre-dautorisation\/\">Lettre d&#8217;autorisation<\/a><\/li>\n<li class=\"page_item page-item-1139\"><a href=\"https:\/\/quickshipping.fr\/index.php\/mentions-legales\/\">Mentions l\u00e9gales<\/a><\/li>\n<li class=\"page_item page-item-9\"><a href=\"https:\/\/quickshipping.fr\/index.php\/my-account\/\">Mon Compte<\/a><\/li>\n<li class=\"page_item page-item-12 current_page_parent\"><a href=\"https:\/\/quickshipping.fr\/index.php\/news\/\">News<\/a><\/li>\n<li class=\"page_item page-item-2\"><a href=\"https:\/\/quickshipping.fr\/index.php\/page-d-exemple\/\">Page d&rsquo;exemple<\/a><\/li>\n<li class=\"page_item page-item-773\"><a href=\"https:\/\/quickshipping.fr\/index.php\/page-dactivation-de-votre-compte-client\/\"><\/a><\/li>\n<li class=\"page_item page-item-1135\"><a href=\"https:\/\/quickshipping.fr\/index.php\/politique-de-confidentialite\/\">Politique de confidentialit\u00e9<\/a><\/li>\n<li class=\"page_item page-item-1147\"><a href=\"https:\/\/quickshipping.fr\/index.php\/politique-de-cookies-ue\/\">Politique de cookies (UE)<\/a><\/li>\n<li class=\"page_item page-item-1150\"><a href=\"https:\/\/quickshipping.fr\/index.php\/politique-de-cookies-ue-2\/\">Politique de cookies (UE)<\/a><\/li>\n<li class=\"page_item page-item-232\"><a href=\"https:\/\/quickshipping.fr\/index.php\/about-us\/\">Pr\u00e9sentation<\/a><\/li>\n<li class=\"page_item page-item-1183\"><a href=\"https:\/\/quickshipping.fr\/index.php\/resultats-de-notre-jeux-concours-quickshipping\/\">R\u00e9sultats de notre Jeux Concours QUICKSHIPPING&#x2122;<\/a><\/li>\n<li class=\"page_item page-item-76 page_item_has_children\"><a href=\"https:\/\/quickshipping.fr\/index.php\/services\/\">Services<\/a>\n<ul class='children'>\n\t<li class=\"page_item page-item-78\"><a href=\"https:\/\/quickshipping.fr\/index.php\/services\/storage\/\">Entreposage<\/a><\/li>\n\t<li class=\"page_item page-item-95\"><a href=\"https:\/\/quickshipping.fr\/index.php\/services\/logistic-service\/\">Services logistiques<\/a><\/li>\n\t<li class=\"page_item page-item-99\"><a href=\"https:\/\/quickshipping.fr\/index.php\/services\/cargo\/\">Transport Cargo<\/a><\/li>\n<\/ul>\n<\/li>\n<li class=\"page_item page-item-594\"><a href=\"https:\/\/quickshipping.fr\/index.php\/test\/\">test<\/a><\/li>\n<li class=\"page_item page-item-585\"><a href=\"https:\/\/quickshipping.fr\/index.php\/test-formulaires\/\">test FORMULAIRES<\/a><\/li>\n<li class=\"page_item page-item-403\"><a href=\"https:\/\/quickshipping.fr\/index.php\/widgets\/\">Widgets<\/a><\/li>\n\t\t\t<\/ul>\n\n\t\t\t<\/div><\/div><div id=\"pgc-403-1-2\"  class=\"panel-grid-cell\" ><div id=\"panel-403-1-2-0\" class=\"so-panel widget panel-first-child panel-last-child\" data-index=\"6\" ><\/div><\/div><div id=\"pgc-403-1-3\"  class=\"panel-grid-cell\" ><div id=\"panel-403-1-3-0\" class=\"so-panel widget panel-first-child panel-last-child\" data-index=\"7\" ><\/div><\/div><\/div><div id=\"pg-403-2\"  class=\"panel-grid panel-no-style\" ><div id=\"pgc-403-2-0\"  class=\"panel-grid-cell\" ><div id=\"panel-403-2-0-0\" class=\"so-panel widget widget_pw_brochure_box widget-brochure-box panel-first-child panel-last-child\" data-index=\"8\" >\n\n\t<h3 class=\"widget-title\"><span class=\"widget-title__inline\"><\/span><\/h3>\n\n\t<a class=\"brochure-box\" href=\"\" target=\"_self\">\n\t\t<span class=\"brochure-box__icon\"><i class=\"fa  \"><\/i><\/span>\n\t\t<h5 class=\"brochure-box__text\"><\/h5>\n\t<\/a>\n\n<\/div><\/div><div id=\"pgc-403-2-1\"  class=\"panel-grid-cell\" ><div id=\"panel-403-2-1-0\" class=\"so-panel widget widget_pw_call_to_action widget-call-to-action panel-first-child panel-last-child\" data-index=\"9\" >\t\t\t\t<div class=\"call-to-action\">\n\t\t\t\t\t<div class=\"call-to-action__text\">\n\t\t\t\t\t\t\t\t\t\t\t<\/div>\n\t\t\t\t\t<div class=\"call-to-action__button\">\n\t\t\t\t\t\t\t\t\t\t\t<\/div>\n\t\t\t\t<\/div>\n\t\t\t<\/div><\/div><div id=\"pgc-403-2-2\"  class=\"panel-grid-cell\" ><div id=\"panel-403-2-2-0\" class=\"so-panel widget widget_pw_facebook panel-first-child panel-last-child\" data-index=\"10\" >\n\n\t<h3 class=\"widget-title\"><span class=\"widget-title__inline\"><\/span><\/h3>\n\n\t<div class=\"iframe-like-box\">\n\t\t<iframe src=\"\/\/www.facebook.com\/plugins\/likebox.php?width=0&height=0&hide_cover=0&show_facepile=1&show_posts=0&small_header=0\" frameborder=\"0\"><\/iframe>\n\t<\/div>\n\n\t<style type=\"text\/css\">\n\t\t.iframe-like-box > iframe { min-height: 0px; width: 0px; }\n\t<\/style>\n\n<\/div><\/div><div id=\"pgc-403-2-3\"  class=\"panel-grid-cell\" ><div id=\"panel-403-2-3-0\" class=\"so-panel widget widget_pw_featured_page widget-featured-page panel-first-child panel-last-child\" data-index=\"11\" >\n\n\t<div class=\"page-box  page-box--\">\n\t\t<a class=\"page-box__picture\" href=\"https:\/\/quickshipping.fr\/index.php\/widgets\/\"><\/a>\n\t\t<div class=\"page-box__content\">\n\t\t\t<h5 class=\"page-box__title  text-uppercase\"><a href=\"https:\/\/quickshipping.fr\/index.php\/widgets\/\"><\/a><\/h5>\n\t\t\t<p><\/p>\n\t\t<\/div>\n\t<\/div>\n\n<\/div><\/div><\/div><div id=\"pg-403-3\"  class=\"panel-grid panel-no-style\" ><div id=\"pgc-403-3-0\"  class=\"panel-grid-cell\" ><div id=\"panel-403-3-0-0\" class=\"so-panel widget widget_pw_google_map panel-first-child panel-last-child\" data-index=\"12\" >\n\n\t<div\n\t\tclass=\"simple-map  js-where-we-are\"\n\t\tdata-latlng=\"\"\n\t\tdata-markers=\"null\"\n\t\tdata-zoom=\"0\"\n\t\tdata-type=\"\"\n\t\tdata-style=\"\"\n\t\tstyle=\"height: 0px;\"\n\t><\/div>\n\n<\/div><\/div><div id=\"pgc-403-3-1\"  class=\"panel-grid-cell\" ><div id=\"panel-403-3-1-0\" class=\"so-panel widget widget_pw_icon_box widget-icon-box panel-first-child panel-last-child\" data-index=\"13\" >\n\n\t\t<div class=\"icon-box\">\n\n\t\t<i class=\"fa  \"><\/i>\n\t\t<h4 class=\"icon-box__title\"><\/h4>\n\t\t<span class=\"icon-box__subtitle\"><\/span>\n\n\t\t<\/div>\n\n<\/div><\/div><div id=\"pgc-403-3-2\"  class=\"panel-grid-cell\" ><div id=\"panel-403-3-2-0\" class=\"so-panel widget widget_pw_latest_news widget-latest-news panel-first-child panel-last-child\" data-index=\"14\" >\n\n\n\n\n<\/div><\/div><div id=\"pgc-403-3-3\"  class=\"panel-grid-cell\" ><div id=\"panel-403-3-3-0\" class=\"so-panel widget widget_pw_number-counter widget-number-counter panel-first-child panel-last-child\" data-index=\"15\" >\t\t\t\t<div class=\"widget-number-counters\" data-speed=\"\">\n\t\t\t\t\t\t\t\t\t<div class=\"number-counter\">\n\t\t\t\t\t\t<i class=\"number-counter__icon  fa  \"><\/i>\n\t\t\t\t\t\t<div class=\"number-counter__number  js-number\" data-to=\"\"><\/div>\n\t\t\t\t\t\t<div class=\"number-counter__title\"><\/div>\n\t\t\t\t\t<\/div>\n\t\t\t\t\t\t\t\t<\/div>\n\t\t\t<\/div><\/div><\/div><div id=\"pg-403-4\"  class=\"panel-grid panel-no-style\" ><div id=\"pgc-403-4-0\"  class=\"panel-grid-cell\" ><div id=\"panel-403-4-0-0\" class=\"so-panel widget widget_pw_opening_time opening-time panel-first-child panel-last-child\" data-index=\"16\" >\n\n\t<div class=\"time-table\">\n\n\t\t\t<h3><span class=\"icon icons-ornament-left\"><\/span>Opening Time<span class=\"icon icons-ornament-right\"><\/span><\/h3>\n\n\t\t<div class=\"inner-bg\">\n\t\t\t\t<dl class=\"week-day \">\n\t\t\t\t\t<dt>Monday<\/dt>\n\t\t\t\t\t<dd>8:00-16:00<\/dd>\n\t\t\t\t<\/dl>\n\t\t\t\t<dl class=\"week-day  light-bg\">\n\t\t\t\t\t<dt>Tuesday<\/dt>\n\t\t\t\t\t<dd>8:00-16:00<\/dd>\n\t\t\t\t<\/dl>\n\t\t\t\t<dl class=\"week-day \">\n\t\t\t\t\t<dt>Wednesday<\/dt>\n\t\t\t\t\t<dd>8:00-16:00<\/dd>\n\t\t\t\t<\/dl>\n\t\t\t\t<dl class=\"week-day  light-bg\">\n\t\t\t\t\t<dt>Thursday<\/dt>\n\t\t\t\t\t<dd>8:00-16:00<\/dd>\n\t\t\t\t<\/dl>\n\t\t\t\t<dl class=\"week-day  today\">\n\t\t\t\t\t<dt>Friday<\/dt>\n\t\t\t\t\t<dd>8:00-16:00<\/dd>\n\t\t\t\t<\/dl>\n\t\t\t\t<dl class=\"week-day  light-bg\">\n\t\t\t\t\t<dt>Saturday<\/dt>\n\t\t\t\t\t<dd>8:00-16:00<\/dd>\n\t\t\t\t<\/dl>\n\t\t\t\t<dl class=\"week-day \">\n\t\t\t\t\t<dt>Sunday<\/dt>\n\t\t\t\t\t<dd>8:00-16:00<\/dd>\n\t\t\t\t<\/dl>\n\t\t<\/div>\n\n\n\t<\/div>\n\n<\/div><\/div><div id=\"pgc-403-4-1\"  class=\"panel-grid-cell\" ><div id=\"panel-403-4-1-0\" class=\"so-panel widget widget_pw_skype widget-skype panel-first-child panel-last-child\" data-index=\"17\" >\n\n\t<a class=\"skype-button\" href=\"\">\n\t\t<i class=\"fa  fa-phone\"><\/i>\n\t\t<p class=\"skype-button__title\"><\/p>\n\t<\/a>\n\n<\/div><\/div><div id=\"pgc-403-4-2\"  class=\"panel-grid-cell\" ><div id=\"panel-403-4-2-0\" class=\"so-panel widget widget_pw_social_icons widget-social-icons panel-first-child panel-last-child\" data-index=\"18\" >\n\n\t\t<a class=\"social-icons__link\" href=\"\" target=\"_self\"><i class=\"fa  \"><\/i><\/a>\n\n<\/div><\/div><div id=\"pgc-403-4-3\"  class=\"panel-grid-cell\" ><div id=\"panel-403-4-3-0\" class=\"so-panel widget widget_pw_testimonials widget-testimonials panel-first-child panel-last-child\" data-index=\"19\" >\n\t<div class=\"testimonial\">\n\n\t\t<h3 class=\"widget-title\"><span class=\"widget-title__inline\"><\/span><\/h3>\n\n\n\t\t<div id=\"carousel-testimonials-widget-4-3-0\" class=\"carousel slide\" data-ride=\"carousel\" data-interval=\"false\">\n\t\t\t<!-- Wrapper for slides -->\n\t\t\t<div class=\"carousel-inner\" role=\"listbox\">\n\t\t\t\t<div class=\"item active\">\n\t\t\t\t\t<div class=\"row\">\n\t\t\t\t\t<\/div>\n\t\t\t\t<\/div>\n\t\t\t<\/div>\n\t\t<\/div>\n\t<\/div>\n\n<\/div><\/div><\/div><div id=\"pg-403-5\"  class=\"panel-grid panel-no-style\" ><div id=\"pgc-403-5-0\"  class=\"panel-grid-cell\" ><\/div><div id=\"pgc-403-5-1\"  class=\"panel-grid-cell\" ><div id=\"panel-403-5-1-0\" class=\"so-panel widget widget_recent-comments widget_recent_comments panel-first-child panel-last-child\" data-index=\"21\" ><h3 class=\"widget-title\"><span class=\"widget-title__inline\">Commentaires r\u00e9cents<\/span><\/h3><ul id=\"recentcomments\"><li class=\"recentcomments\"><span class=\"comment-author-link\">eric ZABEL<\/span> dans <a href=\"https:\/\/quickshipping.fr\/index.php\/2015\/05\/06\/moving-freight-is-a-tough-task-that-needs-experience-and-expertise\/#comment-246\">Besoin de transport pour votre d\u00e9m\u00e9nagement ?<\/a><\/li><li class=\"recentcomments\"><span class=\"comment-author-link\">eric ZABEL<\/span> dans <a href=\"https:\/\/quickshipping.fr\/index.php\/2015\/05\/06\/moving-freight-is-a-tough-task-that-needs-experience-and-expertise\/#comment-236\">Besoin de transport pour votre d\u00e9m\u00e9nagement ?<\/a><\/li><li class=\"recentcomments\"><span class=\"comment-author-link\">admin<\/span> dans <a href=\"https:\/\/quickshipping.fr\/index.php\/2015\/05\/06\/top-benefits-of-hiring-our-trucking-service-2\/#comment-244\">Services de transport sur mesure<\/a><\/li><li class=\"recentcomments\"><span class=\"comment-author-link\">admin<\/span> dans <a href=\"https:\/\/quickshipping.fr\/index.php\/2015\/05\/06\/top-benefits-of-hiring-our-trucking-service-2\/#comment-235\">Services de transport sur mesure<\/a><\/li><li class=\"recentcomments\"><span class=\"comment-author-link\">admin<\/span> dans <a href=\"https:\/\/quickshipping.fr\/index.php\/2015\/05\/06\/why-choose-our-warehousing-service-2\/#comment-245\">Pourquoi faire appel \u00e0 nos services?<\/a><\/li><\/ul><\/div><\/div><div id=\"pgc-403-5-2\"  class=\"panel-grid-cell\" >\n\t\t<div id=\"panel-403-5-2-0\" class=\"so-panel widget widget_recent-posts widget_recent_entries panel-first-child panel-last-child\" data-index=\"22\" >\n\t\t<h3 class=\"widget-title\"><span class=\"widget-title__inline\">Articles r\u00e9cents<\/span><\/h3>\n\t\t<ul>\n\t\t\t\t\t\t\t\t\t\t\t<li>\n\t\t\t\t\t<a href=\"https:\/\/quickshipping.fr\/index.php\/2015\/05\/06\/why-choose-our-warehousing-service-2\/\">Pourquoi faire appel \u00e0 nos services?<\/a>\n\t\t\t\t\t\t\t\t\t<\/li>\n\t\t\t\t\t\t\t\t\t\t\t<li>\n\t\t\t\t\t<a href=\"https:\/\/quickshipping.fr\/index.php\/2015\/05\/06\/top-benefits-of-hiring-our-trucking-service-2\/\">Services de transport sur mesure<\/a>\n\t\t\t\t\t\t\t\t\t<\/li>\n\t\t\t\t\t\t\t\t\t\t\t<li>\n\t\t\t\t\t<a href=\"https:\/\/quickshipping.fr\/index.php\/2015\/05\/06\/moving-freight-is-a-tough-task-that-needs-experience-and-expertise\/\">Besoin de transport pour votre d\u00e9m\u00e9nagement ?<\/a>\n\t\t\t\t\t\t\t\t\t<\/li>\n\t\t\t\t\t<\/ul>\n\n\t\t<\/div><\/div><div id=\"pgc-403-5-3\"  class=\"panel-grid-cell\" ><div id=\"panel-403-5-3-0\" class=\"so-panel widget widget_search panel-first-child panel-last-child\" data-index=\"23\" >\n<form role=\"search\" method=\"get\" class=\"search-form\" action=\"https:\/\/quickshipping.fr\/\">\n\t<label>\n\t\t<span class=\"screen-reader-text\">Search for:<\/span>\n\t\t<input type=\"search\" class=\"search-field\" placeholder=\"Search ...\" value=\"\" name=\"s\">\n\t<\/label>\n\t<button type=\"submit\" class=\"search-submit\"><i class=\"fa  fa-lg  fa-search\"><\/i><\/button>\n<\/form><\/div><\/div><\/div><div id=\"pg-403-6\"  class=\"panel-grid panel-no-style\" ><div id=\"pgc-403-6-0\"  class=\"panel-grid-cell\" ><div id=\"panel-403-6-0-0\" class=\"so-panel widget widget_tag_cloud panel-first-child panel-last-child\" data-index=\"24\" ><h3 class=\"widget-title\"><span class=\"widget-title__inline\">\u00c9tiquettes<\/span><\/h3><div class=\"tagcloud\"><a href=\"https:\/\/quickshipping.fr\/index.php\/tag\/tracking\/\" class=\"tag-cloud-link tag-link-27 tag-link-position-1\" style=\"font-size: 8pt;\" aria-label=\"Tracking (1 \u00e9l\u00e9ment)\">Tracking<\/a>\n<a href=\"https:\/\/quickshipping.fr\/index.php\/tag\/trucking\/\" class=\"tag-cloud-link tag-link-30 tag-link-position-2\" style=\"font-size: 8pt;\" aria-label=\"Trucking (1 \u00e9l\u00e9ment)\">Trucking<\/a>\n<a href=\"https:\/\/quickshipping.fr\/index.php\/tag\/warehouse\/\" class=\"tag-cloud-link tag-link-33 tag-link-position-3\" style=\"font-size: 8pt;\" aria-label=\"Warehouse (1 \u00e9l\u00e9ment)\">Warehouse<\/a><\/div>\n<\/div><\/div><div id=\"pgc-403-6-1\"  class=\"panel-grid-cell\" ><div id=\"panel-403-6-1-0\" class=\"so-panel widget widget_text panel-first-child panel-last-child\" data-index=\"25\" >\t\t\t<div class=\"textwidget\"><\/div>\n\t\t<\/div><\/div><div id=\"pgc-403-6-2\"  class=\"panel-grid-cell panel-grid-cell-empty panel-grid-cell-mobile-last\" ><\/div><div id=\"pgc-403-6-3\"  class=\"panel-grid-cell panel-grid-cell-empty\" ><\/div><\/div><\/div>","protected":false},"excerpt":{"rendered":"<p>Archives mai 2015 mai 2026 L M M J V S D &nbsp;123 45678910 11121314151617 18192021222324 25262728293031 &laquo; Mai &nbsp; &nbsp; Cat\u00e9gories Cargo Delivery Moving Shipping M\u00e9ta Connexion Flux des publications Flux des commentaires Site de WordPress-FR Pages Accord de Pr\u00eat de Mat\u00e9riel Aucun acc\u00e8s Boutique en ligne Boutique en ligne Cart Checkout My Account &hellip;<\/p>\n","protected":false},"author":1,"featured_media":0,"parent":0,"menu_order":0,"comment_status":"open","ping_status":"open","template":"","meta":{"_acf_changed":false,"footnotes":""},"acf":[],"_links":{"self":[{"href":"https:\/\/quickshipping.fr\/index.php\/wp-json\/wp\/v2\/pages\/403"}],"collection":[{"href":"https:\/\/quickshipping.fr\/index.php\/wp-json\/wp\/v2\/pages"}],"about":[{"href":"https:\/\/quickshipping.fr\/index.php\/wp-json\/wp\/v2\/types\/page"}],"author":[{"embeddable":true,"href":"https:\/\/quickshipping.fr\/index.php\/wp-json\/wp\/v2\/users\/1"}],"replies":[{"embeddable":true,"href":"https:\/\/quickshipping.fr\/index.php\/wp-json\/wp\/v2\/comments?post=403"}],"version-history":[{"count":0,"href":"https:\/\/quickshipping.fr\/index.php\/wp-json\/wp\/v2\/pages\/403\/revisions"}],"wp:attachment":[{"href":"https:\/\/quickshipping.fr\/index.php\/wp-json\/wp\/v2\/media?parent=403"}],"curies":[{"name":"wp","href":"https:\/\/api.w.org\/{rel}","templated":true}]}}