{"id":76,"date":"2015-04-23T11:04:51","date_gmt":"2015-04-23T11:04:51","guid":{"rendered":"http:\/\/xml-io.proteusthemes.com\/cargopress\/?page_id=76"},"modified":"2016-05-23T21:00:21","modified_gmt":"2016-05-23T20:00:21","slug":"services","status":"publish","type":"page","link":"https:\/\/quickshipping.fr\/index.php\/services\/","title":{"rendered":"Services"},"content":{"rendered":"<div id=\"pl-76\"  class=\"panel-layout\" ><div id=\"pg-76-0\"  class=\"panel-grid panel-no-style\" ><div id=\"pgc-76-0-0\"  class=\"panel-grid-cell\" ><div id=\"panel-76-0-0-0\" class=\"so-panel widget widget_pw_featured_page widget-featured-page panel-first-child panel-last-child\" data-index=\"0\" >\n\n\t<div class=\"page-box  page-box--block\">\n\t\t<a class=\"page-box__picture\" href=\"https:\/\/quickshipping.fr\/index.php\/services\/cargo\/\"><img loading=\"lazy\" decoding=\"async\" width=\"360\" height=\"240\" src=\"https:\/\/quickshipping.fr\/wp-content\/uploads\/2015\/04\/32-360x240.jpg\" class=\"attachment-pw-page-box size-pw-page-box wp-post-image\" alt=\"\" \/><\/a>\n\t\t<div class=\"page-box__content\">\n\t\t\t<h5 class=\"page-box__title  text-uppercase\"><a href=\"https:\/\/quickshipping.fr\/index.php\/services\/cargo\/\">Transport Cargo<\/a><\/h5>\n\t\t\t<p>&lt;div id=&quot;panel-99-0-0-0&quot; class=&quot;so-panel widget widget_black-studio-tinymce widget_black_studio_tinymce &hellip;<\/p>\n\t\t\t\t<p><a href=\"https:\/\/quickshipping.fr\/index.php\/services\/cargo\/\" class=\"read-more  read-more--page-box\">Lire plus<\/a><\/p>\n\t\t<\/div>\n\t<\/div>\n\n<\/div><\/div><div id=\"pgc-76-0-1\"  class=\"panel-grid-cell\" ><div id=\"panel-76-0-1-0\" class=\"so-panel widget widget_pw_featured_page widget-featured-page panel-first-child panel-last-child\" data-index=\"1\" >\n\n\t<div class=\"page-box  page-box--block\">\n\t\t<a class=\"page-box__picture\" href=\"https:\/\/quickshipping.fr\/index.php\/services\/logistic-service\/\"><img loading=\"lazy\" decoding=\"async\" width=\"360\" height=\"240\" src=\"https:\/\/quickshipping.fr\/wp-content\/uploads\/2015\/04\/30-360x240.jpg\" class=\"attachment-pw-page-box size-pw-page-box wp-post-image\" alt=\"\" \/><\/a>\n\t\t<div class=\"page-box__content\">\n\t\t\t<h5 class=\"page-box__title  text-uppercase\"><a href=\"https:\/\/quickshipping.fr\/index.php\/services\/logistic-service\/\">Services logistiques<\/a><\/h5>\n\t\t\t<p>Nous fournissons des services logistiques de Transport, que ce soit pour le transport de marchandises, les solutions de Fret, l'entreposage, les douanes, la s\u00e9curit\u00e9 et l'assurance, la logistique \u00e0 temp\u00e9rature contr\u00f4l\u00e9e, des solutions &hellip;<\/p>\n\t\t\t\t<p><a href=\"https:\/\/quickshipping.fr\/index.php\/services\/logistic-service\/\" class=\"read-more  read-more--page-box\">Lire plus<\/a><\/p>\n\t\t<\/div>\n\t<\/div>\n\n<\/div><\/div><div id=\"pgc-76-0-2\"  class=\"panel-grid-cell\" ><div id=\"panel-76-0-2-0\" class=\"so-panel widget widget_pw_featured_page widget-featured-page panel-first-child panel-last-child\" data-index=\"2\" >\n\n\t<div class=\"page-box  page-box--block\">\n\t\t<a class=\"page-box__picture\" href=\"https:\/\/quickshipping.fr\/index.php\/services\/storage\/\"><img loading=\"lazy\" decoding=\"async\" width=\"360\" height=\"240\" src=\"https:\/\/quickshipping.fr\/wp-content\/uploads\/2015\/04\/4-360x240.jpg\" class=\"attachment-pw-page-box size-pw-page-box wp-post-image\" alt=\"\" \/><\/a>\n\t\t<div class=\"page-box__content\">\n\t\t\t<h5 class=\"page-box__title  text-uppercase\"><a href=\"https:\/\/quickshipping.fr\/index.php\/services\/storage\/\">Entreposage<\/a><\/h5>\n\t\t\t<p>Nous sommes fiers de la restauration \u00e0 un large \u00e9ventail de clients dans tout le pays avec nos services d'entreposage, ce qui est complet, fiable et flexible - qualit\u00e9s qui sont essentielles pour aider les entreprises dans ce march\u00e9. Nos &hellip;<\/p>\n\t\t\t\t<p><a href=\"https:\/\/quickshipping.fr\/index.php\/services\/storage\/\" class=\"read-more  read-more--page-box\">Lire plus<\/a><\/p>\n\t\t<\/div>\n\t<\/div>\n\n<\/div><\/div><\/div><\/div>","protected":false},"excerpt":{"rendered":"<p>Transport Cargo &lt;div id=&quot;panel-99-0-0-0&quot; class=&quot;so-panel widget widget_black-studio-tinymce widget_black_studio_tinymce &hellip; Lire plus Services logistiques Nous fournissons des services logistiques de Transport, que ce soit pour le transport de marchandises, les solutions de Fret, l&#8217;entreposage, les douanes, la s\u00e9curit\u00e9 et l&#8217;assurance, la logistique \u00e0 temp\u00e9rature contr\u00f4l\u00e9e, des solutions &hellip; Lire plus Entreposage Nous sommes fiers de la &hellip;<\/p>\n","protected":false},"author":1,"featured_media":0,"parent":0,"menu_order":0,"comment_status":"closed","ping_status":"open","template":"","meta":{"_acf_changed":false,"footnotes":""},"acf":[],"_links":{"self":[{"href":"https:\/\/quickshipping.fr\/index.php\/wp-json\/wp\/v2\/pages\/76"}],"collection":[{"href":"https:\/\/quickshipping.fr\/index.php\/wp-json\/wp\/v2\/pages"}],"about":[{"href":"https:\/\/quickshipping.fr\/index.php\/wp-json\/wp\/v2\/types\/page"}],"author":[{"embeddable":true,"href":"https:\/\/quickshipping.fr\/index.php\/wp-json\/wp\/v2\/users\/1"}],"replies":[{"embeddable":true,"href":"https:\/\/quickshipping.fr\/index.php\/wp-json\/wp\/v2\/comments?post=76"}],"version-history":[{"count":4,"href":"https:\/\/quickshipping.fr\/index.php\/wp-json\/wp\/v2\/pages\/76\/revisions"}],"predecessor-version":[{"id":583,"href":"https:\/\/quickshipping.fr\/index.php\/wp-json\/wp\/v2\/pages\/76\/revisions\/583"}],"wp:attachment":[{"href":"https:\/\/quickshipping.fr\/index.php\/wp-json\/wp\/v2\/media?parent=76"}],"curies":[{"name":"wp","href":"https:\/\/api.w.org\/{rel}","templated":true}]}}