{"id":78,"date":"2015-04-23T11:19:03","date_gmt":"2015-04-23T11:19:03","guid":{"rendered":"http:\/\/xml-io.proteusthemes.com\/cargopress\/?page_id=78"},"modified":"2016-05-23T20:47:36","modified_gmt":"2016-05-23T19:47:36","slug":"storage","status":"publish","type":"page","link":"https:\/\/quickshipping.fr\/index.php\/services\/storage\/","title":{"rendered":"Entreposage"},"content":{"rendered":"<div id=\"pl-78\"  class=\"panel-layout\" ><div id=\"pg-78-0\"  class=\"panel-grid panel-no-style\" ><div id=\"pgc-78-0-0\"  class=\"panel-grid-cell\" ><div id=\"panel-78-0-0-0\" class=\"so-panel widget widget_black-studio-tinymce widget_black_studio_tinymce panel-first-child panel-last-child\" data-index=\"0\" ><div class=\"textwidget\"><p>Nous proposons un large \u00e9ventail de services d'entreposage, qui est complet, fiable et flexible - qualit\u00e9s qui sont essentielles pour aider les entreprises dans ce march\u00e9. Nos experts exp\u00e9riment\u00e9s ont con\u00e7u un organigramme de la cha\u00eene logistique sur mesure pour r\u00e9pondre \u00e0 vos besoins professionnels et logistiques, mettant l'accent non seulement sur l'efficacit\u00e9, mais aussi en r\u00e9duisant les co\u00fbts. Gr\u00e2ce \u00e0 notre vaste r\u00e9seau d'entrep\u00f4ts et centres de distribution r\u00e9partis dans tout le pays, il devient beaucoup plus facile de r\u00e9pondre \u00e0 un auditoire dans un temps de r\u00e9ponse d'enregistrement, qui est le facteur cl\u00e9 pour gagner les c\u0153urs des clients et ayant un avantage sur les concurrents.<\/p>\n<p>L'\u00e9quipe d'experts logistiques sont toujours disponibles pour vous aider avec toutes les questions que vous pourriez avoir. Nous \u00e9tudierions vos besoins et vous fournirons un devis qui ne sera pas seulement en fonction de votre budget, mais aussi pour vous faire \u00e9conomiser beaucoup d'argent sur le long terme. Notre soci\u00e9t\u00e9 a des ann\u00e9es d'exp\u00e9rience dans ce secteur et est en mesure de vous fournir une logistique s\u00fbre, fiable, \u00e9conomique et personnalis\u00e9e en fonction de vos besoins.<\/p>\n<\/div><\/div><\/div><div id=\"pgc-78-0-1\"  class=\"panel-grid-cell\" ><div id=\"panel-78-0-1-0\" class=\"so-panel widget widget_black-studio-tinymce widget_black_studio_tinymce panel-first-child panel-last-child\" data-index=\"1\" ><div class=\"textwidget\"><p><img loading=\"lazy\" decoding=\"async\" class=\"alignnone wp-image-543 size-full\" src=\"https:\/\/quickshipping.fr\/wp-content\/uploads\/2015\/04\/4-2.jpg\" width=\"848\" height=\"480\" srcset=\"https:\/\/quickshipping.fr\/wp-content\/uploads\/2015\/04\/4-2.jpg 848w, https:\/\/quickshipping.fr\/wp-content\/uploads\/2015\/04\/4-2-600x340.jpg 600w, https:\/\/quickshipping.fr\/wp-content\/uploads\/2015\/04\/4-2-300x170.jpg 300w, https:\/\/quickshipping.fr\/wp-content\/uploads\/2015\/04\/4-2-768x435.jpg 768w\" sizes=\"(max-width: 848px) 100vw, 848px\" \/><\/p>\n<p><img loading=\"lazy\" decoding=\"async\" class=\"alignnone wp-image-544 size-full\" src=\"https:\/\/quickshipping.fr\/wp-content\/uploads\/2015\/04\/1-1.jpg\" width=\"848\" height=\"480\" srcset=\"https:\/\/quickshipping.fr\/wp-content\/uploads\/2015\/04\/1-1.jpg 848w, https:\/\/quickshipping.fr\/wp-content\/uploads\/2015\/04\/1-1-600x340.jpg 600w, https:\/\/quickshipping.fr\/wp-content\/uploads\/2015\/04\/1-1-300x170.jpg 300w, https:\/\/quickshipping.fr\/wp-content\/uploads\/2015\/04\/1-1-768x435.jpg 768w\" sizes=\"(max-width: 848px) 100vw, 848px\" \/><\/p>\n<\/div><\/div><\/div><\/div><\/div>","protected":false},"excerpt":{"rendered":"<p>Nous proposons un large \u00e9ventail de services d&#8217;entreposage, qui est complet, fiable et flexible &#8211; qualit\u00e9s qui sont essentielles pour aider les entreprises dans ce march\u00e9. Nos experts exp\u00e9riment\u00e9s ont con\u00e7u un organigramme de la cha\u00eene logistique sur mesure pour r\u00e9pondre \u00e0 vos besoins professionnels et logistiques, mettant l&#8217;accent non seulement sur l&#8217;efficacit\u00e9, mais aussi &hellip;<\/p>\n","protected":false},"author":1,"featured_media":34,"parent":76,"menu_order":0,"comment_status":"closed","ping_status":"open","template":"","meta":{"_acf_changed":false,"footnotes":""},"acf":[],"_links":{"self":[{"href":"https:\/\/quickshipping.fr\/index.php\/wp-json\/wp\/v2\/pages\/78"}],"collection":[{"href":"https:\/\/quickshipping.fr\/index.php\/wp-json\/wp\/v2\/pages"}],"about":[{"href":"https:\/\/quickshipping.fr\/index.php\/wp-json\/wp\/v2\/types\/page"}],"author":[{"embeddable":true,"href":"https:\/\/quickshipping.fr\/index.php\/wp-json\/wp\/v2\/users\/1"}],"replies":[{"embeddable":true,"href":"https:\/\/quickshipping.fr\/index.php\/wp-json\/wp\/v2\/comments?post=78"}],"version-history":[{"count":3,"href":"https:\/\/quickshipping.fr\/index.php\/wp-json\/wp\/v2\/pages\/78\/revisions"}],"predecessor-version":[{"id":546,"href":"https:\/\/quickshipping.fr\/index.php\/wp-json\/wp\/v2\/pages\/78\/revisions\/546"}],"up":[{"embeddable":true,"href":"https:\/\/quickshipping.fr\/index.php\/wp-json\/wp\/v2\/pages\/76"}],"wp:featuredmedia":[{"embeddable":true,"href":"https:\/\/quickshipping.fr\/index.php\/wp-json\/wp\/v2\/media\/34"}],"wp:attachment":[{"href":"https:\/\/quickshipping.fr\/index.php\/wp-json\/wp\/v2\/media?parent=78"}],"curies":[{"name":"wp","href":"https:\/\/api.w.org\/{rel}","templated":true}]}}