{"id":95,"date":"2015-04-23T12:32:53","date_gmt":"2015-04-23T12:32:53","guid":{"rendered":"http:\/\/xml-io.proteusthemes.com\/cargopress\/?page_id=95"},"modified":"2016-05-23T20:45:00","modified_gmt":"2016-05-23T19:45:00","slug":"logistic-service","status":"publish","type":"page","link":"https:\/\/quickshipping.fr\/index.php\/services\/logistic-service\/","title":{"rendered":"Services logistiques"},"content":{"rendered":"<div id=\"pl-95\"  class=\"panel-layout\" ><div id=\"pg-95-0\"  class=\"panel-grid panel-no-style\" ><div id=\"pgc-95-0-0\"  class=\"panel-grid-cell\" ><div id=\"panel-95-0-0-0\" class=\"so-panel widget widget_black-studio-tinymce widget_black_studio_tinymce panel-first-child panel-last-child\" data-index=\"0\" ><div class=\"textwidget\"><p>Nous fournissons des services logistiques de Transport, que ce soit pour le transport de marchandises, les solutions de Fret, l'entreposage, les douanes, la s\u00e9curit\u00e9 et l'assurance, la logistique \u00e0 temp\u00e9rature contr\u00f4l\u00e9e, des solutions du secteur de l'industrie, de courtage, ou des solutions \u00e0 base de logistique plomb. Notre soci\u00e9t\u00e9 a des ann\u00e9es d'exp\u00e9rience dans ce secteur et est en mesure de cr\u00e9er de la valeur pour votre Entreprise en vous fournissant une logistique s\u00fbre, fiable, \u00e9conomique et personnalis\u00e9e.<\/p>\n<p>Nos \u00e9quipes logistiques se composent de plusieurs interm\u00e9diaires, qui \u00e0 partir du chargement des cargaisonspost-livraison, prend en charge le processus de transport logistique, ainsi que l'entreposage et la distribution des produits de votre Entreprise. Nous sommes autoris\u00e9s, assur\u00e9s et sous licence fournisseur de services de logistique, qui a au fil des ann\u00e9es, non seulement a acquis une r\u00e9putation cr\u00e9dible sur le march\u00e9 , mais a \u00e9galement \u00e9t\u00e9 en mesure de gagner le c\u0153ur des centaines de nos clients, \u00e0 la fois nationaux et internationaux. C'est un service logistique de qualit\u00e9 que nous nous effor\u00e7ons de fournir \u00e0 nos clients.<\/p>\n<\/div><\/div><\/div><div id=\"pgc-95-0-1\"  class=\"panel-grid-cell\" ><div id=\"panel-95-0-1-0\" class=\"so-panel widget widget_black-studio-tinymce widget_black_studio_tinymce panel-first-child panel-last-child\" data-index=\"1\" ><div class=\"textwidget\"><p><img loading=\"lazy\" decoding=\"async\" class=\"alignnone wp-image-529 size-full\" src=\"https:\/\/quickshipping.fr\/wp-content\/uploads\/2015\/04\/34-2.jpg\" width=\"848\" height=\"480\" srcset=\"https:\/\/quickshipping.fr\/wp-content\/uploads\/2015\/04\/34-2.jpg 848w, https:\/\/quickshipping.fr\/wp-content\/uploads\/2015\/04\/34-2-600x340.jpg 600w, https:\/\/quickshipping.fr\/wp-content\/uploads\/2015\/04\/34-2-300x170.jpg 300w, https:\/\/quickshipping.fr\/wp-content\/uploads\/2015\/04\/34-2-768x435.jpg 768w\" sizes=\"(max-width: 848px) 100vw, 848px\" \/><\/p>\n<p><img loading=\"lazy\" decoding=\"async\" class=\"alignnone wp-image-537 size-full\" src=\"https:\/\/quickshipping.fr\/wp-content\/uploads\/2015\/04\/30-1.jpg\" width=\"848\" height=\"480\" srcset=\"https:\/\/quickshipping.fr\/wp-content\/uploads\/2015\/04\/30-1.jpg 848w, https:\/\/quickshipping.fr\/wp-content\/uploads\/2015\/04\/30-1-600x340.jpg 600w, https:\/\/quickshipping.fr\/wp-content\/uploads\/2015\/04\/30-1-300x170.jpg 300w, https:\/\/quickshipping.fr\/wp-content\/uploads\/2015\/04\/30-1-768x435.jpg 768w\" sizes=\"(max-width: 848px) 100vw, 848px\" \/><\/p>\n<\/div><\/div><\/div><\/div><\/div>","protected":false},"excerpt":{"rendered":"<p>Nous fournissons des services logistiques de Transport, que ce soit pour le transport de marchandises, les solutions de Fret, l&#8217;entreposage, les douanes, la s\u00e9curit\u00e9 et l&#8217;assurance, la logistique \u00e0 temp\u00e9rature contr\u00f4l\u00e9e, des solutions du secteur de l&#8217;industrie, de courtage, ou des solutions \u00e0 base de logistique plomb. Notre soci\u00e9t\u00e9 a des ann\u00e9es d&#8217;exp\u00e9rience dans ce &hellip;<\/p>\n","protected":false},"author":1,"featured_media":60,"parent":76,"menu_order":0,"comment_status":"closed","ping_status":"open","template":"","meta":{"_acf_changed":false,"footnotes":""},"acf":[],"_links":{"self":[{"href":"https:\/\/quickshipping.fr\/index.php\/wp-json\/wp\/v2\/pages\/95"}],"collection":[{"href":"https:\/\/quickshipping.fr\/index.php\/wp-json\/wp\/v2\/pages"}],"about":[{"href":"https:\/\/quickshipping.fr\/index.php\/wp-json\/wp\/v2\/types\/page"}],"author":[{"embeddable":true,"href":"https:\/\/quickshipping.fr\/index.php\/wp-json\/wp\/v2\/users\/1"}],"replies":[{"embeddable":true,"href":"https:\/\/quickshipping.fr\/index.php\/wp-json\/wp\/v2\/comments?post=95"}],"version-history":[{"count":6,"href":"https:\/\/quickshipping.fr\/index.php\/wp-json\/wp\/v2\/pages\/95\/revisions"}],"predecessor-version":[{"id":575,"href":"https:\/\/quickshipping.fr\/index.php\/wp-json\/wp\/v2\/pages\/95\/revisions\/575"}],"up":[{"embeddable":true,"href":"https:\/\/quickshipping.fr\/index.php\/wp-json\/wp\/v2\/pages\/76"}],"wp:featuredmedia":[{"embeddable":true,"href":"https:\/\/quickshipping.fr\/index.php\/wp-json\/wp\/v2\/media\/60"}],"wp:attachment":[{"href":"https:\/\/quickshipping.fr\/index.php\/wp-json\/wp\/v2\/media?parent=95"}],"curies":[{"name":"wp","href":"https:\/\/api.w.org\/{rel}","templated":true}]}}